{"id":46,"date":"2026-02-19T12:25:54","date_gmt":"2026-02-19T12:25:54","guid":{"rendered":"https:\/\/fuengirola.ritualsbyglow.com\/?page_id=46"},"modified":"2026-03-27T13:03:08","modified_gmt":"2026-03-27T12:03:08","slug":"contacto-rituals-by-glow-fuengirola","status":"publish","type":"page","link":"https:\/\/fuengirola.ritualsbyglow.com\/en\/contacto-rituals-by-glow-fuengirola\/","title":{"rendered":"Contact"},"content":{"rendered":"<div data-elementor-type=\"wp-page\" data-elementor-id=\"46\" class=\"elementor elementor-46\" data-elementor-post-type=\"page\">\n\t\t\t\t<div class=\"elementor-element elementor-element-552c5aee e-flex e-con-boxed e-con e-parent\" data-id=\"552c5aee\" data-element_type=\"container\" data-e-type=\"container\" data-settings=\"{&quot;background_background&quot;:&quot;classic&quot;}\">\n\t\t\t\t\t<div class=\"e-con-inner\">\n\t\t<div class=\"elementor-element elementor-element-7977a039 e-con-full e-flex e-con e-child\" data-id=\"7977a039\" data-element_type=\"container\" data-e-type=\"container\">\n\t\t\t\t<div class=\"elementor-element elementor-element-3848c37 elementor-widget elementor-widget-heading\" data-id=\"3848c37\" data-element_type=\"widget\" data-e-type=\"widget\" data-widget_type=\"heading.default\">\n\t\t\t\t\t<h2 class=\"elementor-heading-title elementor-size-default\"><h3 data-elementor-setting-key=\"title_text\" data-elementor-inline-editing-toolbar=\"none\" data-pen-placeholder=\"Teclea aqu\u00ed...\" style=\"font-family: Manrope, sans-serif;font-weight: 700;line-height: 1em;font-size: 30px;margin-bottom: 8px;text-transform: uppercase\">Contact &amp; Location - Rituals By Glow Fuengirola<span style=\"color: inherit;font-family: inherit;font-size: 2rem;font-weight: 500\"><\/span><\/h3><\/h2>\t\t\t\t<\/div>\n\t\t\t\t<div class=\"elementor-element elementor-element-c3db3cf elementor-widget elementor-widget-text-editor\" data-id=\"c3db3cf\" data-element_type=\"widget\" data-e-type=\"widget\" data-widget_type=\"text-editor.default\">\n\t\t\t\t\t\t\t\t\t<p data-pm-slice=\"1 1 []\">Ready for your moment of well-being? On this page, you will find all the contact information for Rituals By Glow in Fuengirola. Whether it is to book your next ritual, purchase a\u00a0<a href=\"https:\/\/fuengirola.ritualsbyglow.com\/en\/tarjeta-regalo-spa-fuengirola\/\" target=\"_blank\" rel=\"noopener\">gift card<\/a>\u00a0or clear up any doubts, our team is here to help you.<\/p>\t\t\t\t\t\t\t\t<\/div>\n\t\t<div class=\"elementor-element elementor-element-54277e8b e-con-full e-flex e-con e-child\" data-id=\"54277e8b\" data-element_type=\"container\" data-e-type=\"container\">\n\t\t\t\t<div class=\"elementor-element elementor-element-5d6dbd9f elementor-widget-tablet__width-initial elementor-widget-mobile__width-inherit elementor-widget elementor-widget-heading\" data-id=\"5d6dbd9f\" data-element_type=\"widget\" data-e-type=\"widget\" data-widget_type=\"heading.default\">\n\t\t\t\t\t<h3 class=\"elementor-heading-title elementor-size-default\">Contact Rituals By Glow <\/h3>\t\t\t\t<\/div>\n\t\t\t\t<div class=\"elementor-element elementor-element-6d423d1d elementor-icon-list--layout-traditional elementor-list-item-link-full_width elementor-widget elementor-widget-icon-list\" data-id=\"6d423d1d\" data-element_type=\"widget\" data-e-type=\"widget\" data-widget_type=\"icon-list.default\">\n\t\t\t\t\t\t\t<ul class=\"elementor-icon-list-items\">\n\t\t\t\t\t\t\t<li class=\"elementor-icon-list-item\">\n\t\t\t\t\t\t\t\t\t\t\t<a href=\"tel:+34664276448\" target=\"_blank\">\n\n\t\t\t\t\t\t\t\t\t\t\t<span class=\"elementor-icon-list-text\">+34 664 27 64 48<\/span>\n\t\t\t\t\t\t\t\t\t\t\t<\/a>\n\t\t\t\t\t\t\t\t\t<\/li>\n\t\t\t\t\t\t\t\t<li class=\"elementor-icon-list-item\">\n\t\t\t\t\t\t\t\t\t\t\t<a href=\"mailto:fuengirola@ritualsbyglow.com?subject=Mas%20Informacion&#038;body=Hola%20Rituals%20By%20Glow%20Fuengirola%20necesito%20m\u00e1s%20informaci\u00f3n%20sobre%20sus%20servicios\">\n\n\t\t\t\t\t\t\t\t\t\t\t<span class=\"elementor-icon-list-text\">fuengirola@ritualsbyglow.com<\/span>\n\t\t\t\t\t\t\t\t\t\t\t<\/a>\n\t\t\t\t\t\t\t\t\t<\/li>\n\t\t\t\t\t\t<\/ul>\n\t\t\t\t\t\t<\/div>\n\t\t\t\t<\/div>\n\t\t<div class=\"elementor-element elementor-element-7c51486b e-con-full e-flex e-con e-child\" data-id=\"7c51486b\" data-element_type=\"container\" data-e-type=\"container\">\n\t\t\t\t<div class=\"elementor-element elementor-element-32c958ee elementor-widget-tablet__width-initial elementor-widget-mobile__width-inherit elementor-widget elementor-widget-heading\" data-id=\"32c958ee\" data-element_type=\"widget\" data-e-type=\"widget\" data-widget_type=\"heading.default\">\n\t\t\t\t\t<h3 class=\"elementor-heading-title elementor-size-default\">Address<\/h3>\t\t\t\t<\/div>\n\t\t\t\t<div class=\"elementor-element elementor-element-b506242 elementor-icon-list--layout-traditional elementor-list-item-link-full_width elementor-widget elementor-widget-icon-list\" data-id=\"b506242\" data-element_type=\"widget\" data-e-type=\"widget\" data-widget_type=\"icon-list.default\">\n\t\t\t\t\t\t\t<ul class=\"elementor-icon-list-items\">\n\t\t\t\t\t\t\t<li class=\"elementor-icon-list-item\">\n\t\t\t\t\t\t\t\t\t\t\t<a href=\"https:\/\/www.google.com\/maps?sca_esv=3c51e872d41103f9&#038;sxsrf=ANbL-n4BI8N0U4XPcZYjTt9cYmUgmNoetw:1771843024377&#038;si=AL3DRZGNtcdgKOqVhotcr-UG2kkYpwR2WO4qu3O00NmpwBmLnfdUx2ZqsFpR-pxPefykN0VgaAI6u0PDnakrkp2_q8VBzEsu8kohmXL-GB0aMYMrQYNIymh79WVxynQDV6zyGy4K4MxA&#038;biw=1440&#038;bih=698&#038;dpr=2&#038;um=1&#038;ie=UTF-8&#038;fb=1&#038;gl=es&#038;sa=X&#038;geocode=KYtYUM7J43INMUQll8DAb00q&#038;daddr=Edificio+Anunciata,+Av.+Alcalde+Clemente+D%C3%ADaz+Ruiz,+s\/n,+29640+Fuengirola,+M%C3%A1laga\" target=\"_blank\">\n\n\t\t\t\t\t\t\t\t\t\t\t<span class=\"elementor-icon-list-text\"> Edificio Anunciata, Av. Alcalde Clemente D\u00edaz Ruiz, s\/n, 29640 Fuengirola, M\u00e1laga<\/span>\n\t\t\t\t\t\t\t\t\t\t\t<\/a>\n\t\t\t\t\t\t\t\t\t<\/li>\n\t\t\t\t\t\t<\/ul>\n\t\t\t\t\t\t<\/div>\n\t\t\t\t<\/div>\n\t\t<div class=\"elementor-element elementor-element-63afa390 e-con-full e-flex e-con e-child\" data-id=\"63afa390\" data-element_type=\"container\" data-e-type=\"container\">\n\t\t\t\t<div class=\"elementor-element elementor-element-5f48be05 elementor-widget-tablet__width-initial elementor-widget-mobile__width-inherit elementor-widget elementor-widget-heading\" data-id=\"5f48be05\" data-element_type=\"widget\" data-e-type=\"widget\" data-widget_type=\"heading.default\">\n\t\t\t\t\t<h3 class=\"elementor-heading-title elementor-size-default\">Schedule<\/h3>\t\t\t\t<\/div>\n\t\t\t\t<div class=\"elementor-element elementor-element-56fbc1ab elementor-icon-list--layout-traditional elementor-list-item-link-full_width elementor-widget elementor-widget-icon-list\" data-id=\"56fbc1ab\" data-element_type=\"widget\" data-e-type=\"widget\" data-widget_type=\"icon-list.default\">\n\t\t\t\t\t\t\t<ul class=\"elementor-icon-list-items\">\n\t\t\t\t\t\t\t<li class=\"elementor-icon-list-item\">\n\t\t\t\t\t\t\t\t\t\t<span class=\"elementor-icon-list-text\">Tuesday-Wednesday 10:00AM - 7:00PM<\/span>\n\t\t\t\t\t\t\t\t\t<\/li>\n\t\t\t\t\t\t\t\t<li class=\"elementor-icon-list-item\">\n\t\t\t\t\t\t\t\t\t\t<span class=\"elementor-icon-list-text\">Thursday- Saturday 11:00AM - 8:00PM<\/span>\n\t\t\t\t\t\t\t\t\t<\/li>\n\t\t\t\t\t\t\t\t<li class=\"elementor-icon-list-item\">\n\t\t\t\t\t\t\t\t\t\t<span class=\"elementor-icon-list-text\">Closed on Sundays and Mondays<\/span>\n\t\t\t\t\t\t\t\t\t<\/li>\n\t\t\t\t\t\t<\/ul>\n\t\t\t\t\t\t<\/div>\n\t\t\t\t<\/div>\n\t\t\t\t<\/div>\n\t\t\t\t<div class=\"elementor-element elementor-element-388ab497 elementor-widget__width-initial elementor-widget-tablet__width-inherit elementor-widget elementor-widget-google_maps\" data-id=\"388ab497\" data-element_type=\"widget\" data-e-type=\"widget\" data-widget_type=\"google_maps.default\">\n\t\t\t\t\t\t\t<div class=\"elementor-custom-embed\">\n\t\t\t<iframe loading=\"lazy\"\n\t\t\t\t\tsrc=\"https:\/\/maps.google.com\/maps?q=Edificio%20Anunciata%2C%20Av.%20Alcalde%20Clemente%20D%C3%ADaz%20Ruiz%2C%20s%2Fn%2C%2029640%20Fuengirola%2C%20M%C3%A1laga&#038;t=m&#038;z=16&#038;output=embed&#038;iwloc=near\"\n\t\t\t\t\ttitle=\"Edificio Anunciata, Av. Alcalde Clemente D\u00edaz Ruiz, s\/n, 29640 Fuengirola, M\u00e1laga\"\n\t\t\t\t\taria-label=\"Edificio Anunciata, Av. Alcalde Clemente D\u00edaz Ruiz, s\/n, 29640 Fuengirola, M\u00e1laga\"\n\t\t\t><\/iframe>\n\t\t<\/div>\n\t\t\t\t\t\t<\/div>\n\t\t\t\t\t<\/div>\n\t\t\t\t<\/div>\n\t\t\t\t<\/div>","protected":false},"excerpt":{"rendered":"<p>Contacto y Ubicaci\u00f3n &#8211; Rituals By Glow Fuengirola \u00bfListo para tu momento de bienestar? En esta p\u00e1gina encontrar\u00e1s toda la informaci\u00f3n de contacto de Rituals By Glow en Fuengirola. Ya sea para reservar tu pr\u00f3ximo ritual, comprar una\u00a0tarjeta regalo\u00a0o resolver cualquier duda, nuestro equipo est\u00e1 aqu\u00ed para ayudarte. Contacto Rituals By Glow +34 664 27 [&hellip;]<\/p>\n","protected":false},"author":1,"featured_media":284,"parent":0,"menu_order":0,"comment_status":"closed","ping_status":"closed","template":"","meta":{"footnotes":""},"class_list":["post-46","page","type-page","status-publish","has-post-thumbnail","hentry"],"yoast_head":"<!-- This site is optimized with the Yoast SEO plugin v27.2 - https:\/\/yoast.com\/product\/yoast-seo-wordpress\/ -->\n<title>Contacto Rituals By Glow Fuengirola | Tel\u00e9fono, Horario, Ubicaci\u00f3n<\/title>\n<meta name=\"description\" content=\"Contacto Rituals By Glow en Fuengirola. Aqu\u00ed encontrar\u00e1s nuestro tel\u00e9fono, email, horario y mapa para llegar. \u00a1Reserva tu cita!\" \/>\n<meta name=\"robots\" content=\"index, follow, max-snippet:-1, max-image-preview:large, max-video-preview:-1\" \/>\n<link rel=\"canonical\" href=\"https:\/\/fuengirola.ritualsbyglow.com\/en\/contacto-rituals-by-glow-fuengirola\/\" \/>\n<meta property=\"og:locale\" content=\"en_US\" \/>\n<meta property=\"og:type\" content=\"article\" \/>\n<meta property=\"og:title\" content=\"Contacto Rituals By Glow Fuengirola | Tel\u00e9fono, Horario, Ubicaci\u00f3n\" \/>\n<meta property=\"og:description\" content=\"Contacto Rituals By Glow en Fuengirola. Aqu\u00ed encontrar\u00e1s nuestro tel\u00e9fono, email, horario y mapa para llegar. \u00a1Reserva tu cita!\" \/>\n<meta property=\"og:url\" content=\"https:\/\/fuengirola.ritualsbyglow.com\/en\/contacto-rituals-by-glow-fuengirola\/\" \/>\n<meta property=\"og:site_name\" content=\"Rituals by Glow Fuengirola\" \/>\n<meta property=\"article:publisher\" content=\"https:\/\/www.facebook.com\/glowoficial.es\" \/>\n<meta property=\"article:modified_time\" content=\"2026-03-27T12:03:08+00:00\" \/>\n<meta property=\"og:image\" content=\"https:\/\/fuengirola.ritualsbyglow.com\/wp-content\/uploads\/2026\/02\/Harmony_Head_Spa-glow2.webp\" \/>\n\t<meta property=\"og:image:width\" content=\"800\" \/>\n\t<meta property=\"og:image:height\" content=\"533\" \/>\n\t<meta property=\"og:image:type\" content=\"image\/webp\" \/>\n<meta name=\"twitter:card\" content=\"summary_large_image\" \/>\n<meta name=\"twitter:label1\" content=\"Est. reading time\" \/>\n\t<meta name=\"twitter:data1\" content=\"1 minute\" \/>\n<script type=\"application\/ld+json\" class=\"yoast-schema-graph\">{\"@context\":\"https:\/\/schema.org\",\"@graph\":[{\"@type\":[\"WebPage\",\"ContactPage\"],\"@id\":\"https:\/\/fuengirola.ritualsbyglow.com\/contacto-rituals-by-glow-fuengirola\/\",\"url\":\"https:\/\/fuengirola.ritualsbyglow.com\/contacto-rituals-by-glow-fuengirola\/\",\"name\":\"Contacto Rituals By Glow Fuengirola | Tel\u00e9fono, Horario, Ubicaci\u00f3n\",\"isPartOf\":{\"@id\":\"https:\/\/fuengirola.ritualsbyglow.com\/#website\"},\"primaryImageOfPage\":{\"@id\":\"https:\/\/fuengirola.ritualsbyglow.com\/contacto-rituals-by-glow-fuengirola\/#primaryimage\"},\"image\":{\"@id\":\"https:\/\/fuengirola.ritualsbyglow.com\/contacto-rituals-by-glow-fuengirola\/#primaryimage\"},\"thumbnailUrl\":\"https:\/\/fuengirola.ritualsbyglow.com\/wp-content\/uploads\/2026\/02\/Harmony_Head_Spa-glow2.webp\",\"datePublished\":\"2026-02-19T12:25:54+00:00\",\"dateModified\":\"2026-03-27T12:03:08+00:00\",\"description\":\"Contacto Rituals By Glow en Fuengirola. Aqu\u00ed encontrar\u00e1s nuestro tel\u00e9fono, email, horario y mapa para llegar. \u00a1Reserva tu cita!\",\"breadcrumb\":{\"@id\":\"https:\/\/fuengirola.ritualsbyglow.com\/contacto-rituals-by-glow-fuengirola\/#breadcrumb\"},\"inLanguage\":\"en-US\",\"potentialAction\":[{\"@type\":\"ReadAction\",\"target\":[\"https:\/\/fuengirola.ritualsbyglow.com\/contacto-rituals-by-glow-fuengirola\/\"]}]},{\"@type\":\"ImageObject\",\"inLanguage\":\"en-US\",\"@id\":\"https:\/\/fuengirola.ritualsbyglow.com\/contacto-rituals-by-glow-fuengirola\/#primaryimage\",\"url\":\"https:\/\/fuengirola.ritualsbyglow.com\/wp-content\/uploads\/2026\/02\/Harmony_Head_Spa-glow2.webp\",\"contentUrl\":\"https:\/\/fuengirola.ritualsbyglow.com\/wp-content\/uploads\/2026\/02\/Harmony_Head_Spa-glow2.webp\",\"width\":800,\"height\":533,\"caption\":\"Spa Capilar en Fuengirola\"},{\"@type\":\"BreadcrumbList\",\"@id\":\"https:\/\/fuengirola.ritualsbyglow.com\/contacto-rituals-by-glow-fuengirola\/#breadcrumb\",\"itemListElement\":[{\"@type\":\"ListItem\",\"position\":1,\"name\":\"Portada\",\"item\":\"https:\/\/fuengirola.ritualsbyglow.com\/\"},{\"@type\":\"ListItem\",\"position\":2,\"name\":\"Contacto\"}]},{\"@type\":\"WebSite\",\"@id\":\"https:\/\/fuengirola.ritualsbyglow.com\/#website\",\"url\":\"https:\/\/fuengirola.ritualsbyglow.com\/\",\"name\":\"Rituals By Glow Fuengirola\",\"description\":\"Head Spa, Masajes Coporales, Capilares y Faciales\",\"publisher\":{\"@id\":\"https:\/\/fuengirola.ritualsbyglow.com\/#organization\"},\"alternateName\":\"Rituals By Glow\",\"potentialAction\":[{\"@type\":\"SearchAction\",\"target\":{\"@type\":\"EntryPoint\",\"urlTemplate\":\"https:\/\/fuengirola.ritualsbyglow.com\/?s={search_term_string}\"},\"query-input\":{\"@type\":\"PropertyValueSpecification\",\"valueRequired\":true,\"valueName\":\"search_term_string\"}}],\"inLanguage\":\"en-US\"},{\"@type\":\"Organization\",\"@id\":\"https:\/\/fuengirola.ritualsbyglow.com\/#organization\",\"name\":\"Rituals by Glow Fuengirola\",\"alternateName\":\"Rituals by Glow\",\"url\":\"https:\/\/fuengirola.ritualsbyglow.com\/\",\"logo\":{\"@type\":\"ImageObject\",\"inLanguage\":\"en-US\",\"@id\":\"https:\/\/fuengirola.ritualsbyglow.com\/#\/schema\/logo\/image\/\",\"url\":\"https:\/\/fuengirola.ritualsbyglow.com\/wp-content\/uploads\/2026\/02\/cropped-rituals-logo.webp\",\"contentUrl\":\"https:\/\/fuengirola.ritualsbyglow.com\/wp-content\/uploads\/2026\/02\/cropped-rituals-logo.webp\",\"width\":400,\"height\":115,\"caption\":\"Rituals by Glow Fuengirola\"},\"image\":{\"@id\":\"https:\/\/fuengirola.ritualsbyglow.com\/#\/schema\/logo\/image\/\"},\"sameAs\":[\"https:\/\/www.facebook.com\/glowoficial.es\",\"https:\/\/www.youtube.com\/@Glowoficialeuropa\",\"https:\/\/www.tiktok.com\/@glowoficial.es\",\"https:\/\/www.instagram.com\/glowoficial.es\"]}]}<\/script>\n<!-- \/ Yoast SEO plugin. -->","yoast_head_json":{"title":"Contacto Rituals By Glow Fuengirola | Tel\u00e9fono, Horario, Ubicaci\u00f3n","description":"Contacto Rituals By Glow en Fuengirola. Aqu\u00ed encontrar\u00e1s nuestro tel\u00e9fono, email, horario y mapa para llegar. \u00a1Reserva tu cita!","robots":{"index":"index","follow":"follow","max-snippet":"max-snippet:-1","max-image-preview":"max-image-preview:large","max-video-preview":"max-video-preview:-1"},"canonical":"https:\/\/fuengirola.ritualsbyglow.com\/en\/contacto-rituals-by-glow-fuengirola\/","og_locale":"en_US","og_type":"article","og_title":"Contacto Rituals By Glow Fuengirola | Tel\u00e9fono, Horario, Ubicaci\u00f3n","og_description":"Contacto Rituals By Glow en Fuengirola. Aqu\u00ed encontrar\u00e1s nuestro tel\u00e9fono, email, horario y mapa para llegar. \u00a1Reserva tu cita!","og_url":"https:\/\/fuengirola.ritualsbyglow.com\/en\/contacto-rituals-by-glow-fuengirola\/","og_site_name":"Rituals by Glow Fuengirola","article_publisher":"https:\/\/www.facebook.com\/glowoficial.es","article_modified_time":"2026-03-27T12:03:08+00:00","og_image":[{"width":800,"height":533,"url":"https:\/\/fuengirola.ritualsbyglow.com\/wp-content\/uploads\/2026\/02\/Harmony_Head_Spa-glow2.webp","type":"image\/webp"}],"twitter_card":"summary_large_image","twitter_misc":{"Est. reading time":"1 minute"},"schema":{"@context":"https:\/\/schema.org","@graph":[{"@type":["WebPage","ContactPage"],"@id":"https:\/\/fuengirola.ritualsbyglow.com\/contacto-rituals-by-glow-fuengirola\/","url":"https:\/\/fuengirola.ritualsbyglow.com\/contacto-rituals-by-glow-fuengirola\/","name":"Contacto Rituals By Glow Fuengirola | Tel\u00e9fono, Horario, Ubicaci\u00f3n","isPartOf":{"@id":"https:\/\/fuengirola.ritualsbyglow.com\/#website"},"primaryImageOfPage":{"@id":"https:\/\/fuengirola.ritualsbyglow.com\/contacto-rituals-by-glow-fuengirola\/#primaryimage"},"image":{"@id":"https:\/\/fuengirola.ritualsbyglow.com\/contacto-rituals-by-glow-fuengirola\/#primaryimage"},"thumbnailUrl":"https:\/\/fuengirola.ritualsbyglow.com\/wp-content\/uploads\/2026\/02\/Harmony_Head_Spa-glow2.webp","datePublished":"2026-02-19T12:25:54+00:00","dateModified":"2026-03-27T12:03:08+00:00","description":"Contacto Rituals By Glow en Fuengirola. Aqu\u00ed encontrar\u00e1s nuestro tel\u00e9fono, email, horario y mapa para llegar. \u00a1Reserva tu cita!","breadcrumb":{"@id":"https:\/\/fuengirola.ritualsbyglow.com\/contacto-rituals-by-glow-fuengirola\/#breadcrumb"},"inLanguage":"en-US","potentialAction":[{"@type":"ReadAction","target":["https:\/\/fuengirola.ritualsbyglow.com\/contacto-rituals-by-glow-fuengirola\/"]}]},{"@type":"ImageObject","inLanguage":"en-US","@id":"https:\/\/fuengirola.ritualsbyglow.com\/contacto-rituals-by-glow-fuengirola\/#primaryimage","url":"https:\/\/fuengirola.ritualsbyglow.com\/wp-content\/uploads\/2026\/02\/Harmony_Head_Spa-glow2.webp","contentUrl":"https:\/\/fuengirola.ritualsbyglow.com\/wp-content\/uploads\/2026\/02\/Harmony_Head_Spa-glow2.webp","width":800,"height":533,"caption":"Spa Capilar en Fuengirola"},{"@type":"BreadcrumbList","@id":"https:\/\/fuengirola.ritualsbyglow.com\/contacto-rituals-by-glow-fuengirola\/#breadcrumb","itemListElement":[{"@type":"ListItem","position":1,"name":"Portada","item":"https:\/\/fuengirola.ritualsbyglow.com\/"},{"@type":"ListItem","position":2,"name":"Contacto"}]},{"@type":"WebSite","@id":"https:\/\/fuengirola.ritualsbyglow.com\/#website","url":"https:\/\/fuengirola.ritualsbyglow.com\/","name":"Rituals By Glow Fuengirola","description":"Head Spa, Masajes Coporales, Capilares y Faciales","publisher":{"@id":"https:\/\/fuengirola.ritualsbyglow.com\/#organization"},"alternateName":"Rituals By Glow","potentialAction":[{"@type":"SearchAction","target":{"@type":"EntryPoint","urlTemplate":"https:\/\/fuengirola.ritualsbyglow.com\/?s={search_term_string}"},"query-input":{"@type":"PropertyValueSpecification","valueRequired":true,"valueName":"search_term_string"}}],"inLanguage":"en-US"},{"@type":"Organization","@id":"https:\/\/fuengirola.ritualsbyglow.com\/#organization","name":"Rituals by Glow Fuengirola","alternateName":"Rituals by Glow","url":"https:\/\/fuengirola.ritualsbyglow.com\/","logo":{"@type":"ImageObject","inLanguage":"en-US","@id":"https:\/\/fuengirola.ritualsbyglow.com\/#\/schema\/logo\/image\/","url":"https:\/\/fuengirola.ritualsbyglow.com\/wp-content\/uploads\/2026\/02\/cropped-rituals-logo.webp","contentUrl":"https:\/\/fuengirola.ritualsbyglow.com\/wp-content\/uploads\/2026\/02\/cropped-rituals-logo.webp","width":400,"height":115,"caption":"Rituals by Glow Fuengirola"},"image":{"@id":"https:\/\/fuengirola.ritualsbyglow.com\/#\/schema\/logo\/image\/"},"sameAs":["https:\/\/www.facebook.com\/glowoficial.es","https:\/\/www.youtube.com\/@Glowoficialeuropa","https:\/\/www.tiktok.com\/@glowoficial.es","https:\/\/www.instagram.com\/glowoficial.es"]}]}},"_hostinger_reach_plugin_has_subscription_block":false,"_hostinger_reach_plugin_is_elementor":false,"_links":{"self":[{"href":"https:\/\/fuengirola.ritualsbyglow.com\/en\/wp-json\/wp\/v2\/pages\/46","targetHints":{"allow":["GET"]}}],"collection":[{"href":"https:\/\/fuengirola.ritualsbyglow.com\/en\/wp-json\/wp\/v2\/pages"}],"about":[{"href":"https:\/\/fuengirola.ritualsbyglow.com\/en\/wp-json\/wp\/v2\/types\/page"}],"author":[{"embeddable":true,"href":"https:\/\/fuengirola.ritualsbyglow.com\/en\/wp-json\/wp\/v2\/users\/1"}],"replies":[{"embeddable":true,"href":"https:\/\/fuengirola.ritualsbyglow.com\/en\/wp-json\/wp\/v2\/comments?post=46"}],"version-history":[{"count":43,"href":"https:\/\/fuengirola.ritualsbyglow.com\/en\/wp-json\/wp\/v2\/pages\/46\/revisions"}],"predecessor-version":[{"id":1157,"href":"https:\/\/fuengirola.ritualsbyglow.com\/en\/wp-json\/wp\/v2\/pages\/46\/revisions\/1157"}],"wp:featuredmedia":[{"embeddable":true,"href":"https:\/\/fuengirola.ritualsbyglow.com\/en\/wp-json\/wp\/v2\/media\/284"}],"wp:attachment":[{"href":"https:\/\/fuengirola.ritualsbyglow.com\/en\/wp-json\/wp\/v2\/media?parent=46"}],"curies":[{"name":"wp","href":"https:\/\/api.w.org\/{rel}","templated":true}]}}