{"id":87,"date":"2026-02-19T18:34:51","date_gmt":"2026-02-19T18:34:51","guid":{"rendered":"https:\/\/fuengirola.ritualsbyglow.com\/?page_id=87"},"modified":"2026-02-28T13:24:29","modified_gmt":"2026-02-28T12:24:29","slug":"politica-de-privacidad","status":"publish","type":"page","link":"https:\/\/fuengirola.ritualsbyglow.com\/en\/politica-de-privacidad\/","title":{"rendered":"Pol\u00edtica de Privacidad"},"content":{"rendered":"<div data-elementor-type=\"wp-page\" data-elementor-id=\"87\" class=\"elementor elementor-87\" data-elementor-post-type=\"page\">\n\t\t\t\t<div class=\"elementor-element elementor-element-1f1d7e17 e-flex e-con-boxed e-con e-parent\" data-id=\"1f1d7e17\" data-element_type=\"container\" data-e-type=\"container\">\n\t\t\t\t\t<div class=\"e-con-inner\">\n\t\t\t\t<div class=\"elementor-element elementor-element-35eee6f4 elementor-widget elementor-widget-text-editor\" data-id=\"35eee6f4\" data-element_type=\"widget\" data-e-type=\"widget\" data-widget_type=\"text-editor.default\">\n\t\t\t\t\t\t\t\t\t\n<h1 class=\"wp-block-heading\"><strong>POL\u00cdTICA DE PROTECCI\u00d3N DE DATOS Y PRIVACIDAD<\/strong><\/h1>\n\n\n\n<p><strong>&nbsp;<\/strong>Tu privacidad es importante para nosotros. En esta declaraci\u00f3n de privacidad se explica qu\u00e9 datos personales recopilamos de nuestros usuarios y c\u00f3mo los utilizamos. Te animamos a leer detenidamente estos t\u00e9rminos antes de facilitar tus datos personales. En el caso de los menores de 14 a\u00f1os se requiere el consentimiento de los padres o tutores para el tratamiento de sus datos personales.<\/p>\n\n\n\n<p>En ning\u00fan caso se recabar\u00e1n del menor de edad datos relativos a la situaci\u00f3n profesional, econ\u00f3mica o a la intimidad de los otros miembros de la familia, sin el consentimiento de \u00e9stos.<\/p>\n\n\n\n<p>Nunca solicitamos informaci\u00f3n personal a menos que realmente sea necesaria para prestar los servicios que nos requieras.<\/p>\n\n\n\n<p>Nunca compartimos informaci\u00f3n personal de nuestros usuarios con nadie, excepto para cumplir con la ley o en caso que contemos con tu autorizaci\u00f3n expresa.<\/p>\n\n\n\n<p>Nunca utilizaremos tus datos personales con una finalidad diferente a la expresada en esta pol\u00edtica de privacidad.<\/p>\n\n\n\n<p><strong>WORLD BEAUTY BF SL<\/strong>&nbsp;&nbsp;ha adecuado esta politica a las exigencias del Reglamento (UE) 2016\/679 del Parlamento Europeo y del Consejo de 27 de abril de 2016 relativo a la protecci\u00f3n de las personas f\u00edsicas (RGPD), la Ley Org\u00e1nica 3\/2018, de 5 de diciembre, de Protecci\u00f3n de Datos Personales y garant\u00eda de los derechos digitales (LOPDGDD), as\u00ed como con la Ley 34\/2002, de 11 de julio, de Servicios de la Sociedad de la Informaci\u00f3n y Comercio Electr\u00f3nico (LSSICE o LSSI).<\/p>\n\n\n\n<p><strong>Responsable del tratamiento de tus datos personales<\/strong><\/p>\n\n\n\n<p>Identidad del Responsable: WORLD BEAUTY BF SL<\/p>\n\n\n\n<p>Nombre comercial: GLOW<\/p>\n\n\n\n<p>CIF: B75949008<\/p>\n\n\n\n<p>Direcci\u00f3n: C. Capulino Jauregui, 5. 29002 Malaga (Malaga, Espa\u00f1a)<\/p>\n\n\n\n<p>Correo electr\u00f3nico:&nbsp;<a href=\"mailto:administracion@glowexperience.eu\">administracion@glowexperience.eu<\/a><\/p>\n\n\n\n<p>Actividad: Actividades de cuidad de belleza<\/p>\n\n\n\n<p>Para el tratamiento de datos de nuestros usuarios, implementamos todas las medidas t\u00e9cnicas y organizativas de seguridad establecidas en la legislaci\u00f3n vigente.<\/p>\n\n\n\n<p><strong>\u00bfC\u00f3mo hemos obtenido tus datos?<\/strong><\/p>\n\n\n\n<p>Los datos personales que tratamos en WORLD BEAUTY BF SL&nbsp;proceden de:<\/p>\n\n\n\n<ul class=\"wp-block-list\">\n<li>Formulario de contacto y de presupuesto<\/li>\n<\/ul>\n\n\n\n<p><strong>\u00bfCu\u00e1les son tus derechos cuando nos facilitas tus datos?<\/strong><\/p>\n\n\n\n<p>Cualquier persona tiene derecho a obtener confirmaci\u00f3n sobre si en WORLD BEAUTY BF SL&nbsp;estamos tratando datos personales que me concierne, o no.<\/p>\n\n\n\n<p>Las personas interesadas tienen derecho a:<\/p>\n\n\n\n<ul class=\"wp-block-list\">\n<li>Solicitar el acceso a los datos personales relativos al interesado<\/li>\n\n\n\n<li>Solicitar su rectificaci\u00f3n o supresi\u00f3n<\/li>\n\n\n\n<li>Solicitar la limitaci\u00f3n de su tratamiento<\/li>\n\n\n\n<li>Oponerse al tratamiento<\/li>\n\n\n\n<li>Solicitar la portabilidad de los datos<\/li>\n<\/ul>\n\n\n\n<p><strong>\u00bfCon qu\u00e9 finalidad tratamos tus datos personales?<\/strong><\/p>\n\n\n\n<p>Cuando un usuario se conecta con esta web para reservar una cita o solicitar informacion de nuestros servicios, est\u00e1 facilitando informaci\u00f3n de car\u00e1cter personal de la que es responsable WORLD BEAUTY BF SL. Esa informaci\u00f3n puede incluir datos de car\u00e1cter personal como pueden ser tu nombre, direcci\u00f3n f\u00edsica, direcci\u00f3n de correo electr\u00f3nico, n\u00famero de tel\u00e9fono, y otra informaci\u00f3n. Al facilitar esta informaci\u00f3n, el usuario da su consentimiento para que su informaci\u00f3n sea recopilada, utilizada, gestionada y almacenada por WORLD BEAUTY BF SL, s\u00f3lo como se describe en el Aviso Legal y en la presente Pol\u00edtica de Privacidad.<\/p>\n\n\n\n<p>En WORLD BEAUTY BF SL&nbsp;existe el sistema de captura de informaci\u00f3n personal:&nbsp;<strong>Formulario de reserva de citas:<\/strong>&nbsp;En este caso, solicitamos los siguientes datos personales: Nombre, Email, Tel\u00e9fono, para reservar una cita.<\/p>\n\n\n\n<p>WORLD BEAUTY BF SL, no vende, alquila ni cede datos de car\u00e1cter personal que puedan identificar al usuario, ni lo har\u00e1 en el futuro, a terceros sin el consentimiento previo. Sin embargo, en algunos casos se pueden realizar colaboraciones con otros profesionales, en esos casos, se requerir\u00e1 consentimiento a los usuarios informando sobre la identidad del colaborador y la finalidad de la colaboraci\u00f3n. Siempre se realizar\u00e1 con los m\u00e1s estrictos est\u00e1ndares de seguridad. Podemos seleccionar y publicar testimonios de clientes en nuestros Servicios, que pueden contener informaci\u00f3n de identificaci\u00f3n personal, como su nombre y \/ o la ciudad, estado o pa\u00eds en el que vive. Obtendremos su consentimiento antes de publicar cualquier testimonio con su nombre. Si se publica dicho contenido, estar\u00e1 disponible para otros usuarios de los Servicios.<\/p>\n\n\n\n<p>Podemos publicar rese\u00f1as de los clientes en nuestras web o Servicios, que pueden contener informaci\u00f3n de identificaci\u00f3n personal, como tu nombre y \/ o la ciudad, estado o pa\u00eds en el que vive. Al enviar su opini\u00f3n nos est\u00e1s dando permiso para publicar tu opini\u00f3n en nuestros Sitios o Servicios. Si publicas dicho contenido, estar\u00e1 disponible para otros usuarios de los Sitios o Servicios. Su publicaci\u00f3n tambi\u00e9n puede hacerse p\u00fablica y no podemos evitar que dicha informaci\u00f3n se use de una manera que pueda violar esta Pol\u00edtica o la ley.<\/p>\n\n\n\n<p><strong>Legitimaci\u00f3n para el tratamiento de tus datos<\/strong><\/p>\n\n\n\n<p>La base legal para el tratamiento de sus datos es: el consentimiento.<\/p>\n\n\n\n<p>Para contactar o realizar comentarios se requiere el consentimiento con esta pol\u00edtica de privacidad.<\/p>\n\n\n\n<p>La oferta prospectiva o comercial de productos y servicios est\u00e1 basada en el consentimiento que se le solicita, sin que en ning\u00fan caso la retirada de este consentimiento condicione la ejecuci\u00f3n del contrato de suscripci\u00f3n.<\/p>\n\n\n\n<p><strong>Categor\u00eda de datos<\/strong><\/p>\n\n\n\n<p>Las categor\u00edas de datos que se tratan son datos identificativos. No se tratan categor\u00edas de datos especialmente protegidos.<\/p>\n\n\n\n<p><strong>\u00bfPor cu\u00e1nto tiempo conservaremos tus datos?<\/strong><\/p>\n\n\n\n<p>Los datos personales proporcionados se conservar\u00e1n, hasta que se solicite su supresi\u00f3n por el interesado.<\/p>\n\n\n\n<p><strong>Aceptaci\u00f3n y consentimiento<\/strong><\/p>\n\n\n\n<p>El usuario declara haber sido informado de las condiciones sobre protecci\u00f3n de datos de car\u00e1cter personal, aceptando y consintiendo el tratamiento de los mismos por parte de WORLD BEAUTY BF SL en la forma y para las finalidades indicadas en esta pol\u00edtica de privacidad.<\/p>\n\n\n\n<p><strong>Revocabilidad<\/strong><\/p>\n\n\n\n<p>El consentimiento prestado, tanto para el tratamiento como para la cesi\u00f3n de los datos de los interesados, es revocable en cualquier momento comunic\u00e1ndolo a WORLD BEAUTY BF SL en los t\u00e9rminos establecidos en esta Pol\u00edtica para el ejercicio de los derechos. Esta revocaci\u00f3n en ning\u00fan caso tendr\u00e1 car\u00e1cter retroactivo.<\/p>\n\n\n\n<p><strong>Cambios en la pol\u00edtica de privacidad<\/strong><\/p>\n\n\n\n<p>WORLD BEAUTY BF SL se reserva el derecho a modificar la presente pol\u00edtica para adaptarla a novedades legislativas o jurisprudenciales, as\u00ed como a pr\u00e1cticas de la industria.<\/p>\n\n\n\n<p><\/p>\n\t\t\t\t\t\t\t\t<\/div>\n\t\t\t\t\t<\/div>\n\t\t\t\t<\/div>\n\t\t\t\t<\/div>","protected":false},"excerpt":{"rendered":"<p>POL\u00cdTICA DE PROTECCI\u00d3N DE DATOS Y PRIVACIDAD &nbsp;Tu privacidad es importante para nosotros. En esta declaraci\u00f3n de privacidad se explica qu\u00e9 datos personales recopilamos de nuestros usuarios y c\u00f3mo los utilizamos. Te animamos a leer detenidamente estos t\u00e9rminos antes de facilitar tus datos personales. En el caso de los menores de 14 a\u00f1os se requiere [&hellip;]<\/p>\n","protected":false},"author":1,"featured_media":0,"parent":0,"menu_order":0,"comment_status":"closed","ping_status":"closed","template":"","meta":{"footnotes":""},"class_list":["post-87","page","type-page","status-publish","hentry"],"yoast_head":"<!-- This site is optimized with the Yoast SEO plugin v27.2 - https:\/\/yoast.com\/product\/yoast-seo-wordpress\/ -->\n<title>Pol\u00edtica de Privacidad - Rituals by Glow Fuengirola<\/title>\n<meta name=\"robots\" content=\"noindex, nofollow\" \/>\n<meta property=\"og:locale\" content=\"en_US\" \/>\n<meta property=\"og:type\" content=\"article\" \/>\n<meta property=\"og:title\" content=\"Pol\u00edtica de Privacidad - Rituals by Glow Fuengirola\" \/>\n<meta property=\"og:description\" content=\"POL\u00cdTICA DE PROTECCI\u00d3N DE DATOS Y PRIVACIDAD &nbsp;Tu privacidad es importante para nosotros. En esta declaraci\u00f3n de privacidad se explica qu\u00e9 datos personales recopilamos de nuestros usuarios y c\u00f3mo los utilizamos. Te animamos a leer detenidamente estos t\u00e9rminos antes de facilitar tus datos personales. En el caso de los menores de 14 a\u00f1os se requiere [&hellip;]\" \/>\n<meta property=\"og:url\" content=\"https:\/\/fuengirola.ritualsbyglow.com\/en\/politica-de-privacidad\/\" \/>\n<meta property=\"og:site_name\" content=\"Rituals by Glow Fuengirola\" \/>\n<meta property=\"article:publisher\" content=\"https:\/\/www.facebook.com\/glowoficial.es\" \/>\n<meta property=\"article:modified_time\" content=\"2026-02-28T12:24:29+00:00\" \/>\n<meta property=\"og:image\" content=\"https:\/\/fuengirola.ritualsbyglow.com\/wp-content\/uploads\/2026\/02\/logo_letras_negras_transparente.png\" \/>\n\t<meta property=\"og:image:width\" content=\"400\" \/>\n\t<meta property=\"og:image:height\" content=\"194\" \/>\n\t<meta property=\"og:image:type\" content=\"image\/png\" \/>\n<meta name=\"twitter:card\" content=\"summary_large_image\" \/>\n<meta name=\"twitter:label1\" content=\"Est. reading time\" \/>\n\t<meta name=\"twitter:data1\" content=\"5 minutes\" \/>\n<script type=\"application\/ld+json\" class=\"yoast-schema-graph\">{\"@context\":\"https:\/\/schema.org\",\"@graph\":[{\"@type\":\"WebPage\",\"@id\":\"https:\/\/fuengirola.ritualsbyglow.com\/politica-de-privacidad\/\",\"url\":\"https:\/\/fuengirola.ritualsbyglow.com\/politica-de-privacidad\/\",\"name\":\"Pol\u00edtica de Privacidad - Rituals by Glow Fuengirola\",\"isPartOf\":{\"@id\":\"https:\/\/fuengirola.ritualsbyglow.com\/#website\"},\"datePublished\":\"2026-02-19T18:34:51+00:00\",\"dateModified\":\"2026-02-28T12:24:29+00:00\",\"breadcrumb\":{\"@id\":\"https:\/\/fuengirola.ritualsbyglow.com\/politica-de-privacidad\/#breadcrumb\"},\"inLanguage\":\"en-US\",\"potentialAction\":[{\"@type\":\"ReadAction\",\"target\":[\"https:\/\/fuengirola.ritualsbyglow.com\/politica-de-privacidad\/\"]}]},{\"@type\":\"BreadcrumbList\",\"@id\":\"https:\/\/fuengirola.ritualsbyglow.com\/politica-de-privacidad\/#breadcrumb\",\"itemListElement\":[{\"@type\":\"ListItem\",\"position\":1,\"name\":\"Portada\",\"item\":\"https:\/\/fuengirola.ritualsbyglow.com\/\"},{\"@type\":\"ListItem\",\"position\":2,\"name\":\"Pol\u00edtica de Privacidad\"}]},{\"@type\":\"WebSite\",\"@id\":\"https:\/\/fuengirola.ritualsbyglow.com\/#website\",\"url\":\"https:\/\/fuengirola.ritualsbyglow.com\/\",\"name\":\"Rituals By Glow Fuengirola\",\"description\":\"Head Spa, Masajes Coporales, Capilares y Faciales\",\"publisher\":{\"@id\":\"https:\/\/fuengirola.ritualsbyglow.com\/#organization\"},\"alternateName\":\"Rituals By Glow\",\"potentialAction\":[{\"@type\":\"SearchAction\",\"target\":{\"@type\":\"EntryPoint\",\"urlTemplate\":\"https:\/\/fuengirola.ritualsbyglow.com\/?s={search_term_string}\"},\"query-input\":{\"@type\":\"PropertyValueSpecification\",\"valueRequired\":true,\"valueName\":\"search_term_string\"}}],\"inLanguage\":\"en-US\"},{\"@type\":\"Organization\",\"@id\":\"https:\/\/fuengirola.ritualsbyglow.com\/#organization\",\"name\":\"Rituals by Glow Fuengirola\",\"alternateName\":\"Rituals by Glow\",\"url\":\"https:\/\/fuengirola.ritualsbyglow.com\/\",\"logo\":{\"@type\":\"ImageObject\",\"inLanguage\":\"en-US\",\"@id\":\"https:\/\/fuengirola.ritualsbyglow.com\/#\/schema\/logo\/image\/\",\"url\":\"https:\/\/fuengirola.ritualsbyglow.com\/wp-content\/uploads\/2026\/02\/cropped-rituals-logo.webp\",\"contentUrl\":\"https:\/\/fuengirola.ritualsbyglow.com\/wp-content\/uploads\/2026\/02\/cropped-rituals-logo.webp\",\"width\":400,\"height\":115,\"caption\":\"Rituals by Glow Fuengirola\"},\"image\":{\"@id\":\"https:\/\/fuengirola.ritualsbyglow.com\/#\/schema\/logo\/image\/\"},\"sameAs\":[\"https:\/\/www.facebook.com\/glowoficial.es\",\"https:\/\/www.youtube.com\/@Glowoficialeuropa\",\"https:\/\/www.tiktok.com\/@glowoficial.es\",\"https:\/\/www.instagram.com\/glowoficial.es\"]}]}<\/script>\n<!-- \/ Yoast SEO plugin. -->","yoast_head_json":{"title":"Pol\u00edtica de Privacidad - Rituals by Glow Fuengirola","robots":{"index":"noindex","follow":"nofollow"},"og_locale":"en_US","og_type":"article","og_title":"Pol\u00edtica de Privacidad - Rituals by Glow Fuengirola","og_description":"POL\u00cdTICA DE PROTECCI\u00d3N DE DATOS Y PRIVACIDAD &nbsp;Tu privacidad es importante para nosotros. En esta declaraci\u00f3n de privacidad se explica qu\u00e9 datos personales recopilamos de nuestros usuarios y c\u00f3mo los utilizamos. Te animamos a leer detenidamente estos t\u00e9rminos antes de facilitar tus datos personales. En el caso de los menores de 14 a\u00f1os se requiere [&hellip;]","og_url":"https:\/\/fuengirola.ritualsbyglow.com\/en\/politica-de-privacidad\/","og_site_name":"Rituals by Glow Fuengirola","article_publisher":"https:\/\/www.facebook.com\/glowoficial.es","article_modified_time":"2026-02-28T12:24:29+00:00","og_image":[{"width":400,"height":194,"url":"https:\/\/fuengirola.ritualsbyglow.com\/wp-content\/uploads\/2026\/02\/logo_letras_negras_transparente.png","type":"image\/png"}],"twitter_card":"summary_large_image","twitter_misc":{"Est. reading time":"5 minutes"},"schema":{"@context":"https:\/\/schema.org","@graph":[{"@type":"WebPage","@id":"https:\/\/fuengirola.ritualsbyglow.com\/politica-de-privacidad\/","url":"https:\/\/fuengirola.ritualsbyglow.com\/politica-de-privacidad\/","name":"Pol\u00edtica de Privacidad - Rituals by Glow Fuengirola","isPartOf":{"@id":"https:\/\/fuengirola.ritualsbyglow.com\/#website"},"datePublished":"2026-02-19T18:34:51+00:00","dateModified":"2026-02-28T12:24:29+00:00","breadcrumb":{"@id":"https:\/\/fuengirola.ritualsbyglow.com\/politica-de-privacidad\/#breadcrumb"},"inLanguage":"en-US","potentialAction":[{"@type":"ReadAction","target":["https:\/\/fuengirola.ritualsbyglow.com\/politica-de-privacidad\/"]}]},{"@type":"BreadcrumbList","@id":"https:\/\/fuengirola.ritualsbyglow.com\/politica-de-privacidad\/#breadcrumb","itemListElement":[{"@type":"ListItem","position":1,"name":"Portada","item":"https:\/\/fuengirola.ritualsbyglow.com\/"},{"@type":"ListItem","position":2,"name":"Pol\u00edtica de Privacidad"}]},{"@type":"WebSite","@id":"https:\/\/fuengirola.ritualsbyglow.com\/#website","url":"https:\/\/fuengirola.ritualsbyglow.com\/","name":"Rituals By Glow Fuengirola","description":"Head Spa, Masajes Coporales, Capilares y Faciales","publisher":{"@id":"https:\/\/fuengirola.ritualsbyglow.com\/#organization"},"alternateName":"Rituals By Glow","potentialAction":[{"@type":"SearchAction","target":{"@type":"EntryPoint","urlTemplate":"https:\/\/fuengirola.ritualsbyglow.com\/?s={search_term_string}"},"query-input":{"@type":"PropertyValueSpecification","valueRequired":true,"valueName":"search_term_string"}}],"inLanguage":"en-US"},{"@type":"Organization","@id":"https:\/\/fuengirola.ritualsbyglow.com\/#organization","name":"Rituals by Glow Fuengirola","alternateName":"Rituals by Glow","url":"https:\/\/fuengirola.ritualsbyglow.com\/","logo":{"@type":"ImageObject","inLanguage":"en-US","@id":"https:\/\/fuengirola.ritualsbyglow.com\/#\/schema\/logo\/image\/","url":"https:\/\/fuengirola.ritualsbyglow.com\/wp-content\/uploads\/2026\/02\/cropped-rituals-logo.webp","contentUrl":"https:\/\/fuengirola.ritualsbyglow.com\/wp-content\/uploads\/2026\/02\/cropped-rituals-logo.webp","width":400,"height":115,"caption":"Rituals by Glow Fuengirola"},"image":{"@id":"https:\/\/fuengirola.ritualsbyglow.com\/#\/schema\/logo\/image\/"},"sameAs":["https:\/\/www.facebook.com\/glowoficial.es","https:\/\/www.youtube.com\/@Glowoficialeuropa","https:\/\/www.tiktok.com\/@glowoficial.es","https:\/\/www.instagram.com\/glowoficial.es"]}]}},"_hostinger_reach_plugin_has_subscription_block":false,"_hostinger_reach_plugin_is_elementor":false,"_links":{"self":[{"href":"https:\/\/fuengirola.ritualsbyglow.com\/en\/wp-json\/wp\/v2\/pages\/87","targetHints":{"allow":["GET"]}}],"collection":[{"href":"https:\/\/fuengirola.ritualsbyglow.com\/en\/wp-json\/wp\/v2\/pages"}],"about":[{"href":"https:\/\/fuengirola.ritualsbyglow.com\/en\/wp-json\/wp\/v2\/types\/page"}],"author":[{"embeddable":true,"href":"https:\/\/fuengirola.ritualsbyglow.com\/en\/wp-json\/wp\/v2\/users\/1"}],"replies":[{"embeddable":true,"href":"https:\/\/fuengirola.ritualsbyglow.com\/en\/wp-json\/wp\/v2\/comments?post=87"}],"version-history":[{"count":9,"href":"https:\/\/fuengirola.ritualsbyglow.com\/en\/wp-json\/wp\/v2\/pages\/87\/revisions"}],"predecessor-version":[{"id":757,"href":"https:\/\/fuengirola.ritualsbyglow.com\/en\/wp-json\/wp\/v2\/pages\/87\/revisions\/757"}],"wp:attachment":[{"href":"https:\/\/fuengirola.ritualsbyglow.com\/en\/wp-json\/wp\/v2\/media?parent=87"}],"curies":[{"name":"wp","href":"https:\/\/api.w.org\/{rel}","templated":true}]}}