{"id":96,"date":"2026-02-19T18:39:55","date_gmt":"2026-02-19T18:39:55","guid":{"rendered":"https:\/\/fuengirola.ritualsbyglow.com\/?page_id=96"},"modified":"2026-02-28T13:25:11","modified_gmt":"2026-02-28T12:25:11","slug":"aviso-legal","status":"publish","type":"page","link":"https:\/\/fuengirola.ritualsbyglow.com\/en\/aviso-legal\/","title":{"rendered":"Legal Notice"},"content":{"rendered":"<div data-elementor-type=\"wp-page\" data-elementor-id=\"96\" class=\"elementor elementor-96\" data-elementor-post-type=\"page\">\n\t\t\t\t<div class=\"elementor-element elementor-element-207e86bd e-flex e-con-boxed e-con e-parent\" data-id=\"207e86bd\" data-element_type=\"container\" data-e-type=\"container\">\n\t\t\t\t\t<div class=\"e-con-inner\">\n\t\t\t\t<div class=\"elementor-element elementor-element-41ac74f4 elementor-widget elementor-widget-text-editor\" data-id=\"41ac74f4\" data-element_type=\"widget\" data-e-type=\"widget\" data-widget_type=\"text-editor.default\">\n\t\t\t\t\t\t\t\t\t\n<h1 class=\"wp-block-heading\"><strong>Titular del sitio web:<\/strong><\/h1>\n\n\n\n<p>Identidad del Responsable: World Beauty BF SL<\/p>\n\n\n\n<p>Nombre comercial: GLOW<\/p>\n\n\n\n<p>CIF: B75952572<\/p>\n\n\n\n<p>Direcci\u00f3n: C. Capulino Jauregui, 5. 29002 Malaga (Malaga, Espa\u00f1a)<\/p>\n\n\n\n<p>Correo electr\u00f3nico:&nbsp;<a href=\"mailto:administracion@glowexperience.eu\">administracion@glowexperience.eu<\/a><\/p>\n\n\n\n<p>Actividad: Actividades de cuidad de belleza<\/p>\n\n\n\n<h4 class=\"wp-block-heading\">1. Objeto<\/h4>\n\n\n\n<p>El presente Aviso Legal regula el uso del sitio web&nbsp;<a class=\"\" href=\"http:\/\/www.glowbeautystudio.com\/\">www.glowexperience.es<\/a>&nbsp;(en adelante, \u201cla Web\u201d), titularidad de World Beauty BF SL<\/p>\n\n\n\n<p>El acceso a la Web es gratuito salvo en lo relativo al coste de la conexi\u00f3n a trav\u00e9s de la red de telecomunicaciones suministrada por el proveedor de acceso contratado por los usuarios.<\/p>\n\n\n\n<h4 class=\"wp-block-heading\">2. Aceptaci\u00f3n del Usuario<\/h4>\n\n\n\n<p>La utilizaci\u00f3n de la Web atribuye la condici\u00f3n de usuario e implica la aceptaci\u00f3n plena y sin reservas de todas las disposiciones incluidas en este Aviso Legal. Si el usuario no estuviera conforme con alguna de las condiciones aqu\u00ed establecidas, no deber\u00e1 usar\/acceder a este sitio web.<\/p>\n\n\n\n<h4 class=\"wp-block-heading\">3. Propiedad Intelectual e Industrial<\/h4>\n\n\n\n<p>Todos los contenidos de la Web, incluyendo textos, fotograf\u00edas, gr\u00e1ficos, im\u00e1genes, iconos, tecnolog\u00eda, software, dise\u00f1o gr\u00e1fico, c\u00f3digo fuente y dem\u00e1s elementos, son propiedad intelectual de World Beauty BF SL o de terceros, sin que puedan entenderse cedidos al usuario ning\u00fan derecho de explotaci\u00f3n sobre los mismos m\u00e1s all\u00e1 de lo estrictamente necesario para el uso del sitio web.<\/p>\n\n\n\n<h4 class=\"wp-block-heading\">4. Protecci\u00f3n de Datos<\/h4>\n\n\n\n<p>Glow Beauty Studio S.L. cumple con el Reglamento (UE) 2016\/679 (RGPD) y la Ley Org\u00e1nica 3\/2018, de Protecci\u00f3n de Datos Personales y garant\u00eda de los derechos digitales.<\/p>\n\n\n\n<blockquote class=\"wp-block-quote is-layout-flow wp-block-quote-is-layout-flow\">\n<p>Para m\u00e1s informaci\u00f3n, consulte nuestra<a href=\"https:\/\/ritualsbyglow.com\/politicas-de-privacidad\">&nbsp;Pol\u00edtica de Privacidad.<\/a><\/p>\n<\/blockquote>\n\n\n\n<h4 class=\"wp-block-heading\">5. Responsabilidad<\/h4>\n\n\n\n<p>World Beauty BF SL no se responsabiliza del mal uso que se realice de los contenidos del sitio web ni de los da\u00f1os que pudieran derivarse del acceso o uso del mismo.<\/p>\n\n\n\n<h4 class=\"wp-block-heading\">6. Enlaces<\/h4>\n\n\n\n<p>Este sitio web puede contener enlaces a p\u00e1ginas externas. World Beauty BF SL no se responsabiliza del contenido ni de las pol\u00edticas de privacidad de dichas p\u00e1ginas.<\/p>\n\n\n\n<h4 class=\"wp-block-heading\">7. Legislaci\u00f3n Aplicable y Jurisdicci\u00f3n<\/h4>\n\n\n\n<p>El presente Aviso Legal se rige por la legislaci\u00f3n espa\u00f1ola y europea. Para la resoluci\u00f3n de conflictos, las partes se someter\u00e1n a los juzgados y tribunales del domicilio del usuario.<\/p>\n\t\t\t\t\t\t\t\t<\/div>\n\t\t\t\t\t<\/div>\n\t\t\t\t<\/div>\n\t\t\t\t<\/div>","protected":false},"excerpt":{"rendered":"<p>Titular del sitio web: Identidad del Responsable: World Beauty BF SL Nombre comercial: GLOW CIF: B75952572 Direcci\u00f3n: C. Capulino Jauregui, 5. 29002 Malaga (Malaga, Espa\u00f1a) Correo electr\u00f3nico:&nbsp;administracion@glowexperience.eu Actividad: Actividades de cuidad de belleza 1. Objeto El presente Aviso Legal regula el uso del sitio web&nbsp;www.glowexperience.es&nbsp;(en adelante, \u201cla Web\u201d), titularidad de World Beauty BF SL El [&hellip;]<\/p>\n","protected":false},"author":1,"featured_media":0,"parent":0,"menu_order":0,"comment_status":"closed","ping_status":"closed","template":"","meta":{"footnotes":""},"class_list":["post-96","page","type-page","status-publish","hentry"],"yoast_head":"<!-- This site is optimized with the Yoast SEO plugin v27.2 - https:\/\/yoast.com\/product\/yoast-seo-wordpress\/ -->\n<title>Aviso Legal - Rituals by Glow Fuengirola<\/title>\n<meta name=\"robots\" content=\"noindex, nofollow\" \/>\n<meta property=\"og:locale\" content=\"en_US\" \/>\n<meta property=\"og:type\" content=\"article\" \/>\n<meta property=\"og:title\" content=\"Aviso Legal - Rituals by Glow Fuengirola\" \/>\n<meta property=\"og:description\" content=\"Titular del sitio web: Identidad del Responsable: World Beauty BF SL Nombre comercial: GLOW CIF: B75952572 Direcci\u00f3n: C. Capulino Jauregui, 5. 29002 Malaga (Malaga, Espa\u00f1a) Correo electr\u00f3nico:&nbsp;administracion@glowexperience.eu Actividad: Actividades de cuidad de belleza 1. Objeto El presente Aviso Legal regula el uso del sitio web&nbsp;www.glowexperience.es&nbsp;(en adelante, \u201cla Web\u201d), titularidad de World Beauty BF SL El [&hellip;]\" \/>\n<meta property=\"og:url\" content=\"https:\/\/fuengirola.ritualsbyglow.com\/en\/aviso-legal\/\" \/>\n<meta property=\"og:site_name\" content=\"Rituals by Glow Fuengirola\" \/>\n<meta property=\"article:publisher\" content=\"https:\/\/www.facebook.com\/glowoficial.es\" \/>\n<meta property=\"article:modified_time\" content=\"2026-02-28T12:25:11+00:00\" \/>\n<meta property=\"og:image\" content=\"https:\/\/fuengirola.ritualsbyglow.com\/wp-content\/uploads\/2026\/02\/logo_letras_negras_transparente.png\" \/>\n\t<meta property=\"og:image:width\" content=\"400\" \/>\n\t<meta property=\"og:image:height\" content=\"194\" \/>\n\t<meta property=\"og:image:type\" content=\"image\/png\" \/>\n<meta name=\"twitter:card\" content=\"summary_large_image\" \/>\n<meta name=\"twitter:label1\" content=\"Est. reading time\" \/>\n\t<meta name=\"twitter:data1\" content=\"2 minutes\" \/>\n<script type=\"application\/ld+json\" class=\"yoast-schema-graph\">{\"@context\":\"https:\/\/schema.org\",\"@graph\":[{\"@type\":\"WebPage\",\"@id\":\"https:\/\/fuengirola.ritualsbyglow.com\/aviso-legal\/\",\"url\":\"https:\/\/fuengirola.ritualsbyglow.com\/aviso-legal\/\",\"name\":\"Aviso Legal - Rituals by Glow Fuengirola\",\"isPartOf\":{\"@id\":\"https:\/\/fuengirola.ritualsbyglow.com\/#website\"},\"datePublished\":\"2026-02-19T18:39:55+00:00\",\"dateModified\":\"2026-02-28T12:25:11+00:00\",\"breadcrumb\":{\"@id\":\"https:\/\/fuengirola.ritualsbyglow.com\/aviso-legal\/#breadcrumb\"},\"inLanguage\":\"en-US\",\"potentialAction\":[{\"@type\":\"ReadAction\",\"target\":[\"https:\/\/fuengirola.ritualsbyglow.com\/aviso-legal\/\"]}]},{\"@type\":\"BreadcrumbList\",\"@id\":\"https:\/\/fuengirola.ritualsbyglow.com\/aviso-legal\/#breadcrumb\",\"itemListElement\":[{\"@type\":\"ListItem\",\"position\":1,\"name\":\"Portada\",\"item\":\"https:\/\/fuengirola.ritualsbyglow.com\/\"},{\"@type\":\"ListItem\",\"position\":2,\"name\":\"Aviso Legal\"}]},{\"@type\":\"WebSite\",\"@id\":\"https:\/\/fuengirola.ritualsbyglow.com\/#website\",\"url\":\"https:\/\/fuengirola.ritualsbyglow.com\/\",\"name\":\"Rituals By Glow Fuengirola\",\"description\":\"Head Spa, Masajes Coporales, Capilares y Faciales\",\"publisher\":{\"@id\":\"https:\/\/fuengirola.ritualsbyglow.com\/#organization\"},\"alternateName\":\"Rituals By Glow\",\"potentialAction\":[{\"@type\":\"SearchAction\",\"target\":{\"@type\":\"EntryPoint\",\"urlTemplate\":\"https:\/\/fuengirola.ritualsbyglow.com\/?s={search_term_string}\"},\"query-input\":{\"@type\":\"PropertyValueSpecification\",\"valueRequired\":true,\"valueName\":\"search_term_string\"}}],\"inLanguage\":\"en-US\"},{\"@type\":\"Organization\",\"@id\":\"https:\/\/fuengirola.ritualsbyglow.com\/#organization\",\"name\":\"Rituals by Glow Fuengirola\",\"alternateName\":\"Rituals by Glow\",\"url\":\"https:\/\/fuengirola.ritualsbyglow.com\/\",\"logo\":{\"@type\":\"ImageObject\",\"inLanguage\":\"en-US\",\"@id\":\"https:\/\/fuengirola.ritualsbyglow.com\/#\/schema\/logo\/image\/\",\"url\":\"https:\/\/fuengirola.ritualsbyglow.com\/wp-content\/uploads\/2026\/02\/cropped-rituals-logo.webp\",\"contentUrl\":\"https:\/\/fuengirola.ritualsbyglow.com\/wp-content\/uploads\/2026\/02\/cropped-rituals-logo.webp\",\"width\":400,\"height\":115,\"caption\":\"Rituals by Glow Fuengirola\"},\"image\":{\"@id\":\"https:\/\/fuengirola.ritualsbyglow.com\/#\/schema\/logo\/image\/\"},\"sameAs\":[\"https:\/\/www.facebook.com\/glowoficial.es\",\"https:\/\/www.youtube.com\/@Glowoficialeuropa\",\"https:\/\/www.tiktok.com\/@glowoficial.es\",\"https:\/\/www.instagram.com\/glowoficial.es\"]}]}<\/script>\n<!-- \/ Yoast SEO plugin. -->","yoast_head_json":{"title":"Aviso Legal - Rituals by Glow Fuengirola","robots":{"index":"noindex","follow":"nofollow"},"og_locale":"en_US","og_type":"article","og_title":"Aviso Legal - Rituals by Glow Fuengirola","og_description":"Titular del sitio web: Identidad del Responsable: World Beauty BF SL Nombre comercial: GLOW CIF: B75952572 Direcci\u00f3n: C. Capulino Jauregui, 5. 29002 Malaga (Malaga, Espa\u00f1a) Correo electr\u00f3nico:&nbsp;administracion@glowexperience.eu Actividad: Actividades de cuidad de belleza 1. Objeto El presente Aviso Legal regula el uso del sitio web&nbsp;www.glowexperience.es&nbsp;(en adelante, \u201cla Web\u201d), titularidad de World Beauty BF SL El [&hellip;]","og_url":"https:\/\/fuengirola.ritualsbyglow.com\/en\/aviso-legal\/","og_site_name":"Rituals by Glow Fuengirola","article_publisher":"https:\/\/www.facebook.com\/glowoficial.es","article_modified_time":"2026-02-28T12:25:11+00:00","og_image":[{"width":400,"height":194,"url":"https:\/\/fuengirola.ritualsbyglow.com\/wp-content\/uploads\/2026\/02\/logo_letras_negras_transparente.png","type":"image\/png"}],"twitter_card":"summary_large_image","twitter_misc":{"Est. reading time":"2 minutes"},"schema":{"@context":"https:\/\/schema.org","@graph":[{"@type":"WebPage","@id":"https:\/\/fuengirola.ritualsbyglow.com\/aviso-legal\/","url":"https:\/\/fuengirola.ritualsbyglow.com\/aviso-legal\/","name":"Aviso Legal - Rituals by Glow Fuengirola","isPartOf":{"@id":"https:\/\/fuengirola.ritualsbyglow.com\/#website"},"datePublished":"2026-02-19T18:39:55+00:00","dateModified":"2026-02-28T12:25:11+00:00","breadcrumb":{"@id":"https:\/\/fuengirola.ritualsbyglow.com\/aviso-legal\/#breadcrumb"},"inLanguage":"en-US","potentialAction":[{"@type":"ReadAction","target":["https:\/\/fuengirola.ritualsbyglow.com\/aviso-legal\/"]}]},{"@type":"BreadcrumbList","@id":"https:\/\/fuengirola.ritualsbyglow.com\/aviso-legal\/#breadcrumb","itemListElement":[{"@type":"ListItem","position":1,"name":"Portada","item":"https:\/\/fuengirola.ritualsbyglow.com\/"},{"@type":"ListItem","position":2,"name":"Aviso Legal"}]},{"@type":"WebSite","@id":"https:\/\/fuengirola.ritualsbyglow.com\/#website","url":"https:\/\/fuengirola.ritualsbyglow.com\/","name":"Rituals By Glow Fuengirola","description":"Head Spa, Masajes Coporales, Capilares y Faciales","publisher":{"@id":"https:\/\/fuengirola.ritualsbyglow.com\/#organization"},"alternateName":"Rituals By Glow","potentialAction":[{"@type":"SearchAction","target":{"@type":"EntryPoint","urlTemplate":"https:\/\/fuengirola.ritualsbyglow.com\/?s={search_term_string}"},"query-input":{"@type":"PropertyValueSpecification","valueRequired":true,"valueName":"search_term_string"}}],"inLanguage":"en-US"},{"@type":"Organization","@id":"https:\/\/fuengirola.ritualsbyglow.com\/#organization","name":"Rituals by Glow Fuengirola","alternateName":"Rituals by Glow","url":"https:\/\/fuengirola.ritualsbyglow.com\/","logo":{"@type":"ImageObject","inLanguage":"en-US","@id":"https:\/\/fuengirola.ritualsbyglow.com\/#\/schema\/logo\/image\/","url":"https:\/\/fuengirola.ritualsbyglow.com\/wp-content\/uploads\/2026\/02\/cropped-rituals-logo.webp","contentUrl":"https:\/\/fuengirola.ritualsbyglow.com\/wp-content\/uploads\/2026\/02\/cropped-rituals-logo.webp","width":400,"height":115,"caption":"Rituals by Glow Fuengirola"},"image":{"@id":"https:\/\/fuengirola.ritualsbyglow.com\/#\/schema\/logo\/image\/"},"sameAs":["https:\/\/www.facebook.com\/glowoficial.es","https:\/\/www.youtube.com\/@Glowoficialeuropa","https:\/\/www.tiktok.com\/@glowoficial.es","https:\/\/www.instagram.com\/glowoficial.es"]}]}},"_hostinger_reach_plugin_has_subscription_block":false,"_hostinger_reach_plugin_is_elementor":false,"_links":{"self":[{"href":"https:\/\/fuengirola.ritualsbyglow.com\/en\/wp-json\/wp\/v2\/pages\/96","targetHints":{"allow":["GET"]}}],"collection":[{"href":"https:\/\/fuengirola.ritualsbyglow.com\/en\/wp-json\/wp\/v2\/pages"}],"about":[{"href":"https:\/\/fuengirola.ritualsbyglow.com\/en\/wp-json\/wp\/v2\/types\/page"}],"author":[{"embeddable":true,"href":"https:\/\/fuengirola.ritualsbyglow.com\/en\/wp-json\/wp\/v2\/users\/1"}],"replies":[{"embeddable":true,"href":"https:\/\/fuengirola.ritualsbyglow.com\/en\/wp-json\/wp\/v2\/comments?post=96"}],"version-history":[{"count":4,"href":"https:\/\/fuengirola.ritualsbyglow.com\/en\/wp-json\/wp\/v2\/pages\/96\/revisions"}],"predecessor-version":[{"id":748,"href":"https:\/\/fuengirola.ritualsbyglow.com\/en\/wp-json\/wp\/v2\/pages\/96\/revisions\/748"}],"wp:attachment":[{"href":"https:\/\/fuengirola.ritualsbyglow.com\/en\/wp-json\/wp\/v2\/media?parent=96"}],"curies":[{"name":"wp","href":"https:\/\/api.w.org\/{rel}","templated":true}]}}