{"id":280,"date":"2026-02-21T22:13:08","date_gmt":"2026-02-21T22:13:08","guid":{"rendered":"https:\/\/fuengirola.ritualsbyglow.com\/?post_type=product&#038;p=280"},"modified":"2026-03-27T13:07:32","modified_gmt":"2026-03-27T12:07:32","slug":"reset-head-spa","status":"publish","type":"product","link":"https:\/\/fuengirola.ritualsbyglow.com\/en\/product\/reset-head-spa\/","title":{"rendered":"Reset Head Spa Gift Card"},"content":{"rendered":"<p class=\"p1\"><b>A ritual created for those who need to stop, release the daily burden, and return <\/b><b>to themselves.<\/b><\/p>\n<p class=\"p1\">It is a deep sensory experience, designed to release tension, disconnect from external demands, and reconnect with the body, the breath, and the present moment. A transformative treatment that combines the essence of <i>Head Spa <\/i>with a holistic approach to physical, mental, and emotional well-being.<\/p>\n<p class=\"p1\"><b>\u00bfQu\u00e9 incluye?<\/b><\/p>\n<ul>\n<li>Lavado purificador del cuero cabelludo con productos revitalizantes.<\/li>\n<li class=\"p1\">\u00a0Hidroterapia con chorros de agua templada que inducen una relajaci\u00f3n progresiva desde la ra\u00edz.<\/li>\n<li class=\"p1\">Masaje craneal con presiones r\u00edtmicas combinadas con <b>respiraci\u00f3n guiada<\/b>,propiciando un estado de equilibrio y calma profunda.<\/li>\n<li class=\"p1\"><b>Masaje facial relajante y reafirmante<\/b>, trabajando los m\u00fasculos faciales mediante t\u00e9cnicas de estiramiento para activar el riego sangu\u00edneo y devolver luz y elasticidad a la piel.<\/li>\n<li class=\"p1\">Aromaterapia personalizada con aceites esenciales adaptados a tu estado emocional.<\/li>\n<li class=\"p1\">Sonoterapia con cuenco tibetano y frecuencias suaves que acompa\u00f1an y expanden la experiencia.<\/li>\n<li>Finalizamos con un secado del cabello y una bebida a elecci\u00f3n para sellar esta vivencia \u00fanica en estado de calma total.<\/li>\n<\/ul>","protected":false},"excerpt":{"rendered":"<p>Un ritual creado para quienes necesitan detenerse, soltar el peso del d\u00eda a d\u00eda y volver a s\u00ed mismos. Es una experiencia sensorial profunda, pensada para liberar tensiones, desconectar de las exigencias externas y reconectar con el cuerpo, la respiraci\u00f3n y el presente. Un tratamiento transformador, que combina la esencia del Head Spa con unamirada [&hellip;]<\/p>\n","protected":false},"featured_media":282,"comment_status":"open","ping_status":"closed","template":"","meta":[],"product_brand":[],"product_cat":[25],"product_tag":[],"class_list":{"0":"post-280","1":"product","2":"type-product","3":"status-publish","4":"has-post-thumbnail","6":"product_cat-tarjetas-regalo","8":"first","9":"instock","10":"shipping-taxable","11":"purchasable","12":"product-type-simple"},"yoast_head":"<!-- This site is optimized with the Yoast SEO plugin v27.2 - https:\/\/yoast.com\/product\/yoast-seo-wordpress\/ -->\n<title>Reset Head Spa Fuengirola \u2014 \u20ac70 Individual \u00b7 \u20ac130 D\u00fao<\/title>\n<meta name=\"description\" content=\"Reset Head Spa japon\u00e9s de 50 min en Fuengirola. Limpieza profunda del cuero cabelludo, masaje craneal y aromaterapia. Reserva o regala.\" \/>\n<meta name=\"robots\" content=\"index, follow, max-snippet:-1, max-image-preview:large, max-video-preview:-1\" \/>\n<link rel=\"canonical\" href=\"https:\/\/fuengirola.ritualsbyglow.com\/en\/product\/reset-head-spa\/\" \/>\n<meta property=\"og:locale\" content=\"en_US\" \/>\n<meta property=\"og:type\" content=\"article\" \/>\n<meta property=\"og:title\" content=\"Reset Head Spa Fuengirola \u2014 \u20ac70 Individual \u00b7 \u20ac130 D\u00fao\" \/>\n<meta property=\"og:description\" content=\"Reset Head Spa japon\u00e9s de 50 min en Fuengirola. Limpieza profunda del cuero cabelludo, masaje craneal y aromaterapia. Reserva o regala.\" \/>\n<meta property=\"og:url\" content=\"https:\/\/fuengirola.ritualsbyglow.com\/en\/product\/reset-head-spa\/\" \/>\n<meta property=\"og:site_name\" content=\"Rituals by Glow Fuengirola\" \/>\n<meta property=\"article:publisher\" content=\"https:\/\/www.facebook.com\/glowoficial.es\" \/>\n<meta property=\"article:modified_time\" content=\"2026-03-27T12:07:32+00:00\" \/>\n<meta property=\"og:image\" content=\"https:\/\/fuengirola.ritualsbyglow.com\/wp-content\/uploads\/2026\/02\/reset_head_spa_rituals_by_glow_1-scaled-1.webp\" \/>\n\t<meta property=\"og:image:width\" content=\"800\" \/>\n\t<meta property=\"og:image:height\" content=\"533\" \/>\n\t<meta property=\"og:image:type\" content=\"image\/webp\" \/>\n<meta name=\"twitter:card\" content=\"summary_large_image\" \/>\n<meta name=\"twitter:label1\" content=\"Est. reading time\" \/>\n\t<meta name=\"twitter:data1\" content=\"1 minute\" \/>\n<script type=\"application\/ld+json\" class=\"yoast-schema-graph\">{\"@context\":\"https:\/\/schema.org\",\"@graph\":[{\"@type\":\"WebPage\",\"@id\":\"https:\/\/fuengirola.ritualsbyglow.com\/producto\/reset-head-spa\/\",\"url\":\"https:\/\/fuengirola.ritualsbyglow.com\/producto\/reset-head-spa\/\",\"name\":\"Reset Head Spa Fuengirola \u2014 \u20ac70 Individual \u00b7 \u20ac130 D\u00fao\",\"isPartOf\":{\"@id\":\"https:\/\/fuengirola.ritualsbyglow.com\/#website\"},\"primaryImageOfPage\":{\"@id\":\"https:\/\/fuengirola.ritualsbyglow.com\/producto\/reset-head-spa\/#primaryimage\"},\"image\":{\"@id\":\"https:\/\/fuengirola.ritualsbyglow.com\/producto\/reset-head-spa\/#primaryimage\"},\"thumbnailUrl\":\"https:\/\/fuengirola.ritualsbyglow.com\/wp-content\/uploads\/2026\/02\/reset_head_spa_rituals_by_glow_1-scaled-1.webp\",\"datePublished\":\"2026-02-21T22:13:08+00:00\",\"dateModified\":\"2026-03-27T12:07:32+00:00\",\"description\":\"Reset Head Spa japon\u00e9s de 50 min en Fuengirola. Limpieza profunda del cuero cabelludo, masaje craneal y aromaterapia. Reserva o regala.\",\"breadcrumb\":{\"@id\":\"https:\/\/fuengirola.ritualsbyglow.com\/producto\/reset-head-spa\/#breadcrumb\"},\"inLanguage\":\"en-US\",\"potentialAction\":[{\"@type\":\"ReadAction\",\"target\":[\"https:\/\/fuengirola.ritualsbyglow.com\/producto\/reset-head-spa\/\"]}]},{\"@type\":\"ImageObject\",\"inLanguage\":\"en-US\",\"@id\":\"https:\/\/fuengirola.ritualsbyglow.com\/producto\/reset-head-spa\/#primaryimage\",\"url\":\"https:\/\/fuengirola.ritualsbyglow.com\/wp-content\/uploads\/2026\/02\/reset_head_spa_rituals_by_glow_1-scaled-1.webp\",\"contentUrl\":\"https:\/\/fuengirola.ritualsbyglow.com\/wp-content\/uploads\/2026\/02\/reset_head_spa_rituals_by_glow_1-scaled-1.webp\",\"width\":800,\"height\":533,\"caption\":\"Reset Head Spa\"},{\"@type\":\"BreadcrumbList\",\"@id\":\"https:\/\/fuengirola.ritualsbyglow.com\/producto\/reset-head-spa\/#breadcrumb\",\"itemListElement\":[{\"@type\":\"ListItem\",\"position\":1,\"name\":\"Portada\",\"item\":\"https:\/\/fuengirola.ritualsbyglow.com\/\"},{\"@type\":\"ListItem\",\"position\":2,\"name\":\"Tienda\",\"item\":\"https:\/\/fuengirola.ritualsbyglow.com\/tienda\/\"},{\"@type\":\"ListItem\",\"position\":3,\"name\":\"Reset Head Spa Tarjeta Regalo\"}]},{\"@type\":\"WebSite\",\"@id\":\"https:\/\/fuengirola.ritualsbyglow.com\/#website\",\"url\":\"https:\/\/fuengirola.ritualsbyglow.com\/\",\"name\":\"Rituals By Glow Fuengirola\",\"description\":\"Head Spa, Masajes Coporales, Capilares y Faciales\",\"publisher\":{\"@id\":\"https:\/\/fuengirola.ritualsbyglow.com\/#organization\"},\"alternateName\":\"Rituals By Glow\",\"potentialAction\":[{\"@type\":\"SearchAction\",\"target\":{\"@type\":\"EntryPoint\",\"urlTemplate\":\"https:\/\/fuengirola.ritualsbyglow.com\/?s={search_term_string}\"},\"query-input\":{\"@type\":\"PropertyValueSpecification\",\"valueRequired\":true,\"valueName\":\"search_term_string\"}}],\"inLanguage\":\"en-US\"},{\"@type\":\"Organization\",\"@id\":\"https:\/\/fuengirola.ritualsbyglow.com\/#organization\",\"name\":\"Rituals by Glow Fuengirola\",\"alternateName\":\"Rituals by Glow\",\"url\":\"https:\/\/fuengirola.ritualsbyglow.com\/\",\"logo\":{\"@type\":\"ImageObject\",\"inLanguage\":\"en-US\",\"@id\":\"https:\/\/fuengirola.ritualsbyglow.com\/#\/schema\/logo\/image\/\",\"url\":\"https:\/\/fuengirola.ritualsbyglow.com\/wp-content\/uploads\/2026\/02\/cropped-rituals-logo.webp\",\"contentUrl\":\"https:\/\/fuengirola.ritualsbyglow.com\/wp-content\/uploads\/2026\/02\/cropped-rituals-logo.webp\",\"width\":400,\"height\":115,\"caption\":\"Rituals by Glow Fuengirola\"},\"image\":{\"@id\":\"https:\/\/fuengirola.ritualsbyglow.com\/#\/schema\/logo\/image\/\"},\"sameAs\":[\"https:\/\/www.facebook.com\/glowoficial.es\",\"https:\/\/www.youtube.com\/@Glowoficialeuropa\",\"https:\/\/www.tiktok.com\/@glowoficial.es\",\"https:\/\/www.instagram.com\/glowoficial.es\"]}]}<\/script>\n<!-- \/ Yoast SEO plugin. -->","yoast_head_json":{"title":"Reset Head Spa Fuengirola \u2014 \u20ac70 Individual \u00b7 \u20ac130 D\u00fao","description":"Reset Head Spa japon\u00e9s de 50 min en Fuengirola. Limpieza profunda del cuero cabelludo, masaje craneal y aromaterapia. Reserva o regala.","robots":{"index":"index","follow":"follow","max-snippet":"max-snippet:-1","max-image-preview":"max-image-preview:large","max-video-preview":"max-video-preview:-1"},"canonical":"https:\/\/fuengirola.ritualsbyglow.com\/en\/product\/reset-head-spa\/","og_locale":"en_US","og_type":"article","og_title":"Reset Head Spa Fuengirola \u2014 \u20ac70 Individual \u00b7 \u20ac130 D\u00fao","og_description":"Reset Head Spa japon\u00e9s de 50 min en Fuengirola. Limpieza profunda del cuero cabelludo, masaje craneal y aromaterapia. Reserva o regala.","og_url":"https:\/\/fuengirola.ritualsbyglow.com\/en\/product\/reset-head-spa\/","og_site_name":"Rituals by Glow Fuengirola","article_publisher":"https:\/\/www.facebook.com\/glowoficial.es","article_modified_time":"2026-03-27T12:07:32+00:00","og_image":[{"width":800,"height":533,"url":"https:\/\/fuengirola.ritualsbyglow.com\/wp-content\/uploads\/2026\/02\/reset_head_spa_rituals_by_glow_1-scaled-1.webp","type":"image\/webp"}],"twitter_card":"summary_large_image","twitter_misc":{"Est. reading time":"1 minute"},"schema":{"@context":"https:\/\/schema.org","@graph":[{"@type":"WebPage","@id":"https:\/\/fuengirola.ritualsbyglow.com\/producto\/reset-head-spa\/","url":"https:\/\/fuengirola.ritualsbyglow.com\/producto\/reset-head-spa\/","name":"Reset Head Spa Fuengirola \u2014 \u20ac70 Individual \u00b7 \u20ac130 D\u00fao","isPartOf":{"@id":"https:\/\/fuengirola.ritualsbyglow.com\/#website"},"primaryImageOfPage":{"@id":"https:\/\/fuengirola.ritualsbyglow.com\/producto\/reset-head-spa\/#primaryimage"},"image":{"@id":"https:\/\/fuengirola.ritualsbyglow.com\/producto\/reset-head-spa\/#primaryimage"},"thumbnailUrl":"https:\/\/fuengirola.ritualsbyglow.com\/wp-content\/uploads\/2026\/02\/reset_head_spa_rituals_by_glow_1-scaled-1.webp","datePublished":"2026-02-21T22:13:08+00:00","dateModified":"2026-03-27T12:07:32+00:00","description":"Reset Head Spa japon\u00e9s de 50 min en Fuengirola. Limpieza profunda del cuero cabelludo, masaje craneal y aromaterapia. Reserva o regala.","breadcrumb":{"@id":"https:\/\/fuengirola.ritualsbyglow.com\/producto\/reset-head-spa\/#breadcrumb"},"inLanguage":"en-US","potentialAction":[{"@type":"ReadAction","target":["https:\/\/fuengirola.ritualsbyglow.com\/producto\/reset-head-spa\/"]}]},{"@type":"ImageObject","inLanguage":"en-US","@id":"https:\/\/fuengirola.ritualsbyglow.com\/producto\/reset-head-spa\/#primaryimage","url":"https:\/\/fuengirola.ritualsbyglow.com\/wp-content\/uploads\/2026\/02\/reset_head_spa_rituals_by_glow_1-scaled-1.webp","contentUrl":"https:\/\/fuengirola.ritualsbyglow.com\/wp-content\/uploads\/2026\/02\/reset_head_spa_rituals_by_glow_1-scaled-1.webp","width":800,"height":533,"caption":"Reset Head Spa"},{"@type":"BreadcrumbList","@id":"https:\/\/fuengirola.ritualsbyglow.com\/producto\/reset-head-spa\/#breadcrumb","itemListElement":[{"@type":"ListItem","position":1,"name":"Portada","item":"https:\/\/fuengirola.ritualsbyglow.com\/"},{"@type":"ListItem","position":2,"name":"Tienda","item":"https:\/\/fuengirola.ritualsbyglow.com\/tienda\/"},{"@type":"ListItem","position":3,"name":"Reset Head Spa Tarjeta Regalo"}]},{"@type":"WebSite","@id":"https:\/\/fuengirola.ritualsbyglow.com\/#website","url":"https:\/\/fuengirola.ritualsbyglow.com\/","name":"Rituals By Glow Fuengirola","description":"Head Spa, Masajes Coporales, Capilares y Faciales","publisher":{"@id":"https:\/\/fuengirola.ritualsbyglow.com\/#organization"},"alternateName":"Rituals By Glow","potentialAction":[{"@type":"SearchAction","target":{"@type":"EntryPoint","urlTemplate":"https:\/\/fuengirola.ritualsbyglow.com\/?s={search_term_string}"},"query-input":{"@type":"PropertyValueSpecification","valueRequired":true,"valueName":"search_term_string"}}],"inLanguage":"en-US"},{"@type":"Organization","@id":"https:\/\/fuengirola.ritualsbyglow.com\/#organization","name":"Rituals by Glow Fuengirola","alternateName":"Rituals by Glow","url":"https:\/\/fuengirola.ritualsbyglow.com\/","logo":{"@type":"ImageObject","inLanguage":"en-US","@id":"https:\/\/fuengirola.ritualsbyglow.com\/#\/schema\/logo\/image\/","url":"https:\/\/fuengirola.ritualsbyglow.com\/wp-content\/uploads\/2026\/02\/cropped-rituals-logo.webp","contentUrl":"https:\/\/fuengirola.ritualsbyglow.com\/wp-content\/uploads\/2026\/02\/cropped-rituals-logo.webp","width":400,"height":115,"caption":"Rituals by Glow Fuengirola"},"image":{"@id":"https:\/\/fuengirola.ritualsbyglow.com\/#\/schema\/logo\/image\/"},"sameAs":["https:\/\/www.facebook.com\/glowoficial.es","https:\/\/www.youtube.com\/@Glowoficialeuropa","https:\/\/www.tiktok.com\/@glowoficial.es","https:\/\/www.instagram.com\/glowoficial.es"]}]}},"_links":{"self":[{"href":"https:\/\/fuengirola.ritualsbyglow.com\/en\/wp-json\/wp\/v2\/product\/280","targetHints":{"allow":["GET"]}}],"collection":[{"href":"https:\/\/fuengirola.ritualsbyglow.com\/en\/wp-json\/wp\/v2\/product"}],"about":[{"href":"https:\/\/fuengirola.ritualsbyglow.com\/en\/wp-json\/wp\/v2\/types\/product"}],"replies":[{"embeddable":true,"href":"https:\/\/fuengirola.ritualsbyglow.com\/en\/wp-json\/wp\/v2\/comments?post=280"}],"version-history":[{"count":2,"href":"https:\/\/fuengirola.ritualsbyglow.com\/en\/wp-json\/wp\/v2\/product\/280\/revisions"}],"predecessor-version":[{"id":713,"href":"https:\/\/fuengirola.ritualsbyglow.com\/en\/wp-json\/wp\/v2\/product\/280\/revisions\/713"}],"wp:featuredmedia":[{"embeddable":true,"href":"https:\/\/fuengirola.ritualsbyglow.com\/en\/wp-json\/wp\/v2\/media\/282"}],"wp:attachment":[{"href":"https:\/\/fuengirola.ritualsbyglow.com\/en\/wp-json\/wp\/v2\/media?parent=280"}],"wp:term":[{"taxonomy":"product_brand","embeddable":true,"href":"https:\/\/fuengirola.ritualsbyglow.com\/en\/wp-json\/wp\/v2\/product_brand?post=280"},{"taxonomy":"product_cat","embeddable":true,"href":"https:\/\/fuengirola.ritualsbyglow.com\/en\/wp-json\/wp\/v2\/product_cat?post=280"},{"taxonomy":"product_tag","embeddable":true,"href":"https:\/\/fuengirola.ritualsbyglow.com\/en\/wp-json\/wp\/v2\/product_tag?post=280"}],"curies":[{"name":"wp","href":"https:\/\/api.w.org\/{rel}","templated":true}]}}