{"id":292,"date":"2026-02-22T08:51:32","date_gmt":"2026-02-22T08:51:32","guid":{"rendered":"https:\/\/fuengirola.ritualsbyglow.com\/?post_type=product&#038;p=292"},"modified":"2026-02-22T08:51:32","modified_gmt":"2026-02-22T08:51:32","slug":"piedras-calientes-tarjeta-regalo","status":"publish","type":"product","link":"https:\/\/fuengirola.ritualsbyglow.com\/en\/product\/piedras-calientes-tarjeta-regalo\/","title":{"rendered":"Hot Stone Massage Gift Card"},"content":{"rendered":"<ul data-start=\"100\" data-end=\"293\">\n<li data-start=\"100\" data-end=\"166\">\n<p data-start=\"102\" data-end=\"166\">Traditional massage combined with hot volcanic stones.<\/p>\n<\/li>\n<li data-start=\"167\" data-end=\"235\">\n<p data-start=\"169\" data-end=\"235\">El calor profundo relaja los m\u00fasculos y estimula la circulaci\u00f3n.<\/p>\n<\/li>\n<li data-start=\"236\" data-end=\"293\">\n<p data-start=\"238\" data-end=\"293\">Terapia envolvente que aporta equilibrio y bienestar.<\/p>\n<\/li>\n<\/ul>\n<p data-start=\"295\" data-end=\"407\">Perfecto para quienes busquen vivir una experiencia especial y restauradora, ya sea en solitario o compartida.<\/p>","protected":false},"excerpt":{"rendered":"<p>Masaje tradicional combinado con piedras volc\u00e1nicas calientes. El calor profundo relaja los m\u00fasculos y estimula la circulaci\u00f3n. Terapia envolvente que aporta equilibrio y bienestar. Perfecto para quienes busquen vivir una experiencia especial y restauradora, ya sea en solitario o compartida.<\/p>","protected":false},"featured_media":293,"comment_status":"open","ping_status":"closed","template":"","meta":[],"product_brand":[],"product_cat":[26],"product_tag":[],"class_list":{"0":"post-292","1":"product","2":"type-product","3":"status-publish","4":"has-post-thumbnail","6":"product_cat-tarjetas-regalo-corporales","8":"first","9":"instock","10":"shipping-taxable","11":"purchasable","12":"product-type-simple"},"yoast_head":"<!-- This site is optimized with the Yoast SEO plugin v27.2 - https:\/\/yoast.com\/product\/yoast-seo-wordpress\/ -->\n<title>Piedras Calientes Tarjeta Regalo - Rituals by Glow Fuengirola<\/title>\n<meta name=\"robots\" content=\"index, follow, max-snippet:-1, max-image-preview:large, max-video-preview:-1\" \/>\n<link rel=\"canonical\" href=\"https:\/\/fuengirola.ritualsbyglow.com\/en\/product\/piedras-calientes-tarjeta-regalo\/\" \/>\n<meta property=\"og:locale\" content=\"en_US\" \/>\n<meta property=\"og:type\" content=\"article\" \/>\n<meta property=\"og:title\" content=\"Piedras Calientes Tarjeta Regalo - Rituals by Glow Fuengirola\" \/>\n<meta property=\"og:description\" content=\"Masaje tradicional combinado con piedras volc\u00e1nicas calientes. El calor profundo relaja los m\u00fasculos y estimula la circulaci\u00f3n. Terapia envolvente que aporta equilibrio y bienestar. Perfecto para quienes busquen vivir una experiencia especial y restauradora, ya sea en solitario o compartida.\" \/>\n<meta property=\"og:url\" content=\"https:\/\/fuengirola.ritualsbyglow.com\/en\/product\/piedras-calientes-tarjeta-regalo\/\" \/>\n<meta property=\"og:site_name\" content=\"Rituals by Glow Fuengirola\" \/>\n<meta property=\"article:publisher\" content=\"https:\/\/www.facebook.com\/glowoficial.es\" \/>\n<meta property=\"og:image\" content=\"https:\/\/fuengirola.ritualsbyglow.com\/wp-content\/uploads\/2026\/02\/masaje-piedras-calientes-rituals-by-glowcorporal2-300x200-1.webp\" \/>\n\t<meta property=\"og:image:width\" content=\"300\" \/>\n\t<meta property=\"og:image:height\" content=\"200\" \/>\n\t<meta property=\"og:image:type\" content=\"image\/webp\" \/>\n<meta name=\"twitter:card\" content=\"summary_large_image\" \/>\n<meta name=\"twitter:label1\" content=\"Est. reading time\" \/>\n\t<meta name=\"twitter:data1\" content=\"1 minute\" \/>\n<script type=\"application\/ld+json\" class=\"yoast-schema-graph\">{\"@context\":\"https:\/\/schema.org\",\"@graph\":[{\"@type\":\"WebPage\",\"@id\":\"https:\/\/fuengirola.ritualsbyglow.com\/producto\/piedras-calientes-tarjeta-regalo\/\",\"url\":\"https:\/\/fuengirola.ritualsbyglow.com\/producto\/piedras-calientes-tarjeta-regalo\/\",\"name\":\"Piedras Calientes Tarjeta Regalo - Rituals by Glow Fuengirola\",\"isPartOf\":{\"@id\":\"https:\/\/fuengirola.ritualsbyglow.com\/#website\"},\"primaryImageOfPage\":{\"@id\":\"https:\/\/fuengirola.ritualsbyglow.com\/producto\/piedras-calientes-tarjeta-regalo\/#primaryimage\"},\"image\":{\"@id\":\"https:\/\/fuengirola.ritualsbyglow.com\/producto\/piedras-calientes-tarjeta-regalo\/#primaryimage\"},\"thumbnailUrl\":\"https:\/\/fuengirola.ritualsbyglow.com\/wp-content\/uploads\/2026\/02\/masaje-piedras-calientes-rituals-by-glowcorporal2-300x200-1.webp\",\"datePublished\":\"2026-02-22T08:51:32+00:00\",\"breadcrumb\":{\"@id\":\"https:\/\/fuengirola.ritualsbyglow.com\/producto\/piedras-calientes-tarjeta-regalo\/#breadcrumb\"},\"inLanguage\":\"en-US\",\"potentialAction\":[{\"@type\":\"ReadAction\",\"target\":[\"https:\/\/fuengirola.ritualsbyglow.com\/producto\/piedras-calientes-tarjeta-regalo\/\"]}]},{\"@type\":\"ImageObject\",\"inLanguage\":\"en-US\",\"@id\":\"https:\/\/fuengirola.ritualsbyglow.com\/producto\/piedras-calientes-tarjeta-regalo\/#primaryimage\",\"url\":\"https:\/\/fuengirola.ritualsbyglow.com\/wp-content\/uploads\/2026\/02\/masaje-piedras-calientes-rituals-by-glowcorporal2-300x200-1.webp\",\"contentUrl\":\"https:\/\/fuengirola.ritualsbyglow.com\/wp-content\/uploads\/2026\/02\/masaje-piedras-calientes-rituals-by-glowcorporal2-300x200-1.webp\",\"width\":300,\"height\":200},{\"@type\":\"BreadcrumbList\",\"@id\":\"https:\/\/fuengirola.ritualsbyglow.com\/producto\/piedras-calientes-tarjeta-regalo\/#breadcrumb\",\"itemListElement\":[{\"@type\":\"ListItem\",\"position\":1,\"name\":\"Portada\",\"item\":\"https:\/\/fuengirola.ritualsbyglow.com\/\"},{\"@type\":\"ListItem\",\"position\":2,\"name\":\"Tienda\",\"item\":\"https:\/\/fuengirola.ritualsbyglow.com\/tienda\/\"},{\"@type\":\"ListItem\",\"position\":3,\"name\":\"Piedras Calientes Tarjeta Regalo\"}]},{\"@type\":\"WebSite\",\"@id\":\"https:\/\/fuengirola.ritualsbyglow.com\/#website\",\"url\":\"https:\/\/fuengirola.ritualsbyglow.com\/\",\"name\":\"Rituals By Glow Fuengirola\",\"description\":\"Head Spa, Masajes Coporales, Capilares y Faciales\",\"publisher\":{\"@id\":\"https:\/\/fuengirola.ritualsbyglow.com\/#organization\"},\"alternateName\":\"Rituals By Glow\",\"potentialAction\":[{\"@type\":\"SearchAction\",\"target\":{\"@type\":\"EntryPoint\",\"urlTemplate\":\"https:\/\/fuengirola.ritualsbyglow.com\/?s={search_term_string}\"},\"query-input\":{\"@type\":\"PropertyValueSpecification\",\"valueRequired\":true,\"valueName\":\"search_term_string\"}}],\"inLanguage\":\"en-US\"},{\"@type\":\"Organization\",\"@id\":\"https:\/\/fuengirola.ritualsbyglow.com\/#organization\",\"name\":\"Rituals by Glow Fuengirola\",\"alternateName\":\"Rituals by Glow\",\"url\":\"https:\/\/fuengirola.ritualsbyglow.com\/\",\"logo\":{\"@type\":\"ImageObject\",\"inLanguage\":\"en-US\",\"@id\":\"https:\/\/fuengirola.ritualsbyglow.com\/#\/schema\/logo\/image\/\",\"url\":\"https:\/\/fuengirola.ritualsbyglow.com\/wp-content\/uploads\/2026\/02\/cropped-rituals-logo.webp\",\"contentUrl\":\"https:\/\/fuengirola.ritualsbyglow.com\/wp-content\/uploads\/2026\/02\/cropped-rituals-logo.webp\",\"width\":400,\"height\":115,\"caption\":\"Rituals by Glow Fuengirola\"},\"image\":{\"@id\":\"https:\/\/fuengirola.ritualsbyglow.com\/#\/schema\/logo\/image\/\"},\"sameAs\":[\"https:\/\/www.facebook.com\/glowoficial.es\",\"https:\/\/www.youtube.com\/@Glowoficialeuropa\",\"https:\/\/www.tiktok.com\/@glowoficial.es\",\"https:\/\/www.instagram.com\/glowoficial.es\"]}]}<\/script>\n<!-- \/ Yoast SEO plugin. -->","yoast_head_json":{"title":"Piedras Calientes Tarjeta Regalo - Rituals by Glow Fuengirola","robots":{"index":"index","follow":"follow","max-snippet":"max-snippet:-1","max-image-preview":"max-image-preview:large","max-video-preview":"max-video-preview:-1"},"canonical":"https:\/\/fuengirola.ritualsbyglow.com\/en\/product\/piedras-calientes-tarjeta-regalo\/","og_locale":"en_US","og_type":"article","og_title":"Piedras Calientes Tarjeta Regalo - Rituals by Glow Fuengirola","og_description":"Masaje tradicional combinado con piedras volc\u00e1nicas calientes. El calor profundo relaja los m\u00fasculos y estimula la circulaci\u00f3n. Terapia envolvente que aporta equilibrio y bienestar. Perfecto para quienes busquen vivir una experiencia especial y restauradora, ya sea en solitario o compartida.","og_url":"https:\/\/fuengirola.ritualsbyglow.com\/en\/product\/piedras-calientes-tarjeta-regalo\/","og_site_name":"Rituals by Glow Fuengirola","article_publisher":"https:\/\/www.facebook.com\/glowoficial.es","og_image":[{"width":300,"height":200,"url":"https:\/\/fuengirola.ritualsbyglow.com\/wp-content\/uploads\/2026\/02\/masaje-piedras-calientes-rituals-by-glowcorporal2-300x200-1.webp","type":"image\/webp"}],"twitter_card":"summary_large_image","twitter_misc":{"Est. reading time":"1 minute"},"schema":{"@context":"https:\/\/schema.org","@graph":[{"@type":"WebPage","@id":"https:\/\/fuengirola.ritualsbyglow.com\/producto\/piedras-calientes-tarjeta-regalo\/","url":"https:\/\/fuengirola.ritualsbyglow.com\/producto\/piedras-calientes-tarjeta-regalo\/","name":"Piedras Calientes Tarjeta Regalo - Rituals by Glow Fuengirola","isPartOf":{"@id":"https:\/\/fuengirola.ritualsbyglow.com\/#website"},"primaryImageOfPage":{"@id":"https:\/\/fuengirola.ritualsbyglow.com\/producto\/piedras-calientes-tarjeta-regalo\/#primaryimage"},"image":{"@id":"https:\/\/fuengirola.ritualsbyglow.com\/producto\/piedras-calientes-tarjeta-regalo\/#primaryimage"},"thumbnailUrl":"https:\/\/fuengirola.ritualsbyglow.com\/wp-content\/uploads\/2026\/02\/masaje-piedras-calientes-rituals-by-glowcorporal2-300x200-1.webp","datePublished":"2026-02-22T08:51:32+00:00","breadcrumb":{"@id":"https:\/\/fuengirola.ritualsbyglow.com\/producto\/piedras-calientes-tarjeta-regalo\/#breadcrumb"},"inLanguage":"en-US","potentialAction":[{"@type":"ReadAction","target":["https:\/\/fuengirola.ritualsbyglow.com\/producto\/piedras-calientes-tarjeta-regalo\/"]}]},{"@type":"ImageObject","inLanguage":"en-US","@id":"https:\/\/fuengirola.ritualsbyglow.com\/producto\/piedras-calientes-tarjeta-regalo\/#primaryimage","url":"https:\/\/fuengirola.ritualsbyglow.com\/wp-content\/uploads\/2026\/02\/masaje-piedras-calientes-rituals-by-glowcorporal2-300x200-1.webp","contentUrl":"https:\/\/fuengirola.ritualsbyglow.com\/wp-content\/uploads\/2026\/02\/masaje-piedras-calientes-rituals-by-glowcorporal2-300x200-1.webp","width":300,"height":200},{"@type":"BreadcrumbList","@id":"https:\/\/fuengirola.ritualsbyglow.com\/producto\/piedras-calientes-tarjeta-regalo\/#breadcrumb","itemListElement":[{"@type":"ListItem","position":1,"name":"Portada","item":"https:\/\/fuengirola.ritualsbyglow.com\/"},{"@type":"ListItem","position":2,"name":"Tienda","item":"https:\/\/fuengirola.ritualsbyglow.com\/tienda\/"},{"@type":"ListItem","position":3,"name":"Piedras Calientes Tarjeta Regalo"}]},{"@type":"WebSite","@id":"https:\/\/fuengirola.ritualsbyglow.com\/#website","url":"https:\/\/fuengirola.ritualsbyglow.com\/","name":"Rituals By Glow Fuengirola","description":"Head Spa, Masajes Coporales, Capilares y Faciales","publisher":{"@id":"https:\/\/fuengirola.ritualsbyglow.com\/#organization"},"alternateName":"Rituals By Glow","potentialAction":[{"@type":"SearchAction","target":{"@type":"EntryPoint","urlTemplate":"https:\/\/fuengirola.ritualsbyglow.com\/?s={search_term_string}"},"query-input":{"@type":"PropertyValueSpecification","valueRequired":true,"valueName":"search_term_string"}}],"inLanguage":"en-US"},{"@type":"Organization","@id":"https:\/\/fuengirola.ritualsbyglow.com\/#organization","name":"Rituals by Glow Fuengirola","alternateName":"Rituals by Glow","url":"https:\/\/fuengirola.ritualsbyglow.com\/","logo":{"@type":"ImageObject","inLanguage":"en-US","@id":"https:\/\/fuengirola.ritualsbyglow.com\/#\/schema\/logo\/image\/","url":"https:\/\/fuengirola.ritualsbyglow.com\/wp-content\/uploads\/2026\/02\/cropped-rituals-logo.webp","contentUrl":"https:\/\/fuengirola.ritualsbyglow.com\/wp-content\/uploads\/2026\/02\/cropped-rituals-logo.webp","width":400,"height":115,"caption":"Rituals by Glow Fuengirola"},"image":{"@id":"https:\/\/fuengirola.ritualsbyglow.com\/#\/schema\/logo\/image\/"},"sameAs":["https:\/\/www.facebook.com\/glowoficial.es","https:\/\/www.youtube.com\/@Glowoficialeuropa","https:\/\/www.tiktok.com\/@glowoficial.es","https:\/\/www.instagram.com\/glowoficial.es"]}]}},"_links":{"self":[{"href":"https:\/\/fuengirola.ritualsbyglow.com\/en\/wp-json\/wp\/v2\/product\/292","targetHints":{"allow":["GET"]}}],"collection":[{"href":"https:\/\/fuengirola.ritualsbyglow.com\/en\/wp-json\/wp\/v2\/product"}],"about":[{"href":"https:\/\/fuengirola.ritualsbyglow.com\/en\/wp-json\/wp\/v2\/types\/product"}],"replies":[{"embeddable":true,"href":"https:\/\/fuengirola.ritualsbyglow.com\/en\/wp-json\/wp\/v2\/comments?post=292"}],"version-history":[{"count":0,"href":"https:\/\/fuengirola.ritualsbyglow.com\/en\/wp-json\/wp\/v2\/product\/292\/revisions"}],"wp:featuredmedia":[{"embeddable":true,"href":"https:\/\/fuengirola.ritualsbyglow.com\/en\/wp-json\/wp\/v2\/media\/293"}],"wp:attachment":[{"href":"https:\/\/fuengirola.ritualsbyglow.com\/en\/wp-json\/wp\/v2\/media?parent=292"}],"wp:term":[{"taxonomy":"product_brand","embeddable":true,"href":"https:\/\/fuengirola.ritualsbyglow.com\/en\/wp-json\/wp\/v2\/product_brand?post=292"},{"taxonomy":"product_cat","embeddable":true,"href":"https:\/\/fuengirola.ritualsbyglow.com\/en\/wp-json\/wp\/v2\/product_cat?post=292"},{"taxonomy":"product_tag","embeddable":true,"href":"https:\/\/fuengirola.ritualsbyglow.com\/en\/wp-json\/wp\/v2\/product_tag?post=292"}],"curies":[{"name":"wp","href":"https:\/\/api.w.org\/{rel}","templated":true}]}}